{"id":1154,"date":"2025-03-12T12:57:34","date_gmt":"2025-03-12T10:57:34","guid":{"rendered":"https:\/\/kirurgiakeskus.ee\/tst\/?page_id=1154"},"modified":"2026-01-26T10:18:19","modified_gmt":"2026-01-26T08:18:19","slug":"book-now","status":"publish","type":"page","link":"https:\/\/kirurgiakeskus.ee\/tst\/en\/book-now\/","title":{"rendered":"Book Now"},"content":{"rendered":"\t\t<div data-elementor-type=\"wp-page\" data-elementor-id=\"1154\" class=\"elementor elementor-1154\" data-elementor-post-type=\"page\">\n\t\t\t\t<div class=\"elementor-element elementor-element-0a11410 e-flex e-con-boxed e-con e-parent\" data-id=\"0a11410\" data-element_type=\"container\" data-e-type=\"container\">\n\t\t\t\t\t<div class=\"e-con-inner\">\n\t\t\t\t<div class=\"elementor-element elementor-element-12ae763 elementor-widget__width-inherit elementor-widget elementor-widget-heading\" data-id=\"12ae763\" data-element_type=\"widget\" data-e-type=\"widget\" data-widget_type=\"heading.default\">\n\t\t\t\t<div class=\"elementor-widget-container\">\n\t\t\t\t\t<h1 class=\"elementor-heading-title elementor-size-default\">Book Now<\/h1>\t\t\t\t<\/div>\n\t\t\t\t<\/div>\n\t\t\t\t\t<\/div>\n\t\t\t\t<\/div>\n\t\t<div class=\"elementor-element elementor-element-b2dc27e e-flex e-con-boxed e-con e-parent\" data-id=\"b2dc27e\" data-element_type=\"container\" data-e-type=\"container\">\n\t\t\t\t\t<div class=\"e-con-inner\">\n\t\t<div class=\"elementor-element elementor-element-d957273 e-con-full e-flex e-con e-child\" data-id=\"d957273\" data-element_type=\"container\" data-e-type=\"container\">\n\t\t\t\t<div class=\"elementor-element elementor-element-2c0a48a elementor-widget elementor-widget-heading\" data-id=\"2c0a48a\" data-element_type=\"widget\" data-e-type=\"widget\" data-widget_type=\"heading.default\">\n\t\t\t\t<div class=\"elementor-widget-container\">\n\t\t\t\t\t<h2 class=\"elementor-heading-title elementor-size-default\">Reception<\/h2>\t\t\t\t<\/div>\n\t\t\t\t<\/div>\n\t\t\t\t<div class=\"elementor-element elementor-element-dbef05e elementor-widget elementor-widget-text-editor\" data-id=\"dbef05e\" data-element_type=\"widget\" data-e-type=\"widget\" data-widget_type=\"text-editor.default\">\n\t\t\t\t<div class=\"elementor-widget-container\">\n\t\t\t\t\t\t\t\t\t<p>Mon-Fri 9:00 &#8211; 17:00.<br \/>J.S\u00fctiste tee 19a, Tallinn 13419<\/p>\t\t\t\t\t\t\t\t<\/div>\n\t\t\t\t<\/div>\n\t\t\t\t<div class=\"elementor-element elementor-element-79badcc elementor-hidden-desktop elementor-hidden-tablet elementor-hidden-mobile elementor-widget elementor-widget-text-editor\" data-id=\"79badcc\" data-element_type=\"widget\" data-e-type=\"widget\" data-widget_type=\"text-editor.default\">\n\t\t\t\t<div class=\"elementor-widget-container\">\n\t\t\t\t\t\t\t\t\t<p data-pm-slice=\"1 1 []\">N\u00e4o- ja l\u00f5ualuukirurgia keskus will be on <strong>collective vacation<\/strong> from July 21 to August 3, 2025. We will respond to emails as soon as possible.<\/p>\t\t\t\t\t\t\t\t<\/div>\n\t\t\t\t<\/div>\n\t\t\t\t<div class=\"elementor-element elementor-element-7cae142 elementor-widget elementor-widget-heading\" data-id=\"7cae142\" data-element_type=\"widget\" data-e-type=\"widget\" data-widget_type=\"heading.default\">\n\t\t\t\t<div class=\"elementor-widget-container\">\n\t\t\t\t\t<h2 class=\"elementor-heading-title elementor-size-default\">Booking an Appointment<\/h2>\t\t\t\t<\/div>\n\t\t\t\t<\/div>\n\t\t\t\t<div class=\"elementor-element elementor-element-36aa421 elementor-widget elementor-widget-text-editor\" data-id=\"36aa421\" data-element_type=\"widget\" data-e-type=\"widget\" data-widget_type=\"text-editor.default\">\n\t\t\t\t<div class=\"elementor-widget-container\">\n\t\t\t\t\t\t\t\t\t<p data-start=\"74\" data-end=\"314\">We are part of the national digital registration system, which requires a digital referral. Patients with a digital referral can book an appointment through <a href=\"https:\/\/www.veebiregistratuur.ee\/117\/\" target=\"_blank\" rel=\"noopener\"><u>Veebiregistratuur<\/u><\/a> or <a href=\"https:\/\/www.terviseportaal.ee\/\" target=\"_blank\" rel=\"noopener\"><u>Terviseportaal<\/u><\/a>.<\/p><p data-start=\"316\" data-end=\"505\">For other referrals or cases where a referral is not required, please book an appointment by calling <a href=\"http:\/\/tel:+3726543031\"><u>+372 654 3031<\/u><\/a>, emailing <a href=\"mailto:info@kirurgiakeskus.ee\"><u>info@kirurgiakeskus.ee<\/u><\/a>, or using the <b>booking form<\/b>.<\/p>\t\t\t\t\t\t\t\t<\/div>\n\t\t\t\t<\/div>\n\t\t\t\t<div class=\"elementor-element elementor-element-92d19ee elementor-hidden-mobile animated-fast elementor-invisible elementor-widget elementor-widget-heading\" data-id=\"92d19ee\" data-element_type=\"widget\" data-e-type=\"widget\" data-settings=\"{&quot;_animation&quot;:&quot;fadeIn&quot;}\" data-widget_type=\"heading.default\">\n\t\t\t\t<div class=\"elementor-widget-container\">\n\t\t\t\t\t<h2 class=\"elementor-heading-title elementor-size-default\">Cancellation Policy<\/h2>\t\t\t\t<\/div>\n\t\t\t\t<\/div>\n\t\t\t\t<div class=\"elementor-element elementor-element-2c7a39f elementor-hidden-mobile animated-fast elementor-invisible elementor-widget elementor-widget-text-editor\" data-id=\"2c7a39f\" data-element_type=\"widget\" data-e-type=\"widget\" data-settings=\"{&quot;_animation&quot;:&quot;fadeIn&quot;}\" data-widget_type=\"text-editor.default\">\n\t\t\t\t<div class=\"elementor-widget-container\">\n\t\t\t\t\t\t\t\t\t<p data-start=\"507\" data-end=\"616\">Appointments can be canceled <strong>free of charge<\/strong> at least <strong>24 hours<\/strong> in advance.<\/p><p data-start=\"618\" data-end=\"684\"><strong>PS!<\/strong> Late cancellations or no-shows will incur a \u20ac40 fee.<\/p>\t\t\t\t\t\t\t\t<\/div>\n\t\t\t\t<\/div>\n\t\t\t\t<\/div>\n\t\t<div class=\"elementor-element elementor-element-a354842 e-con-full animated-fast e-flex e-con e-child\" data-id=\"a354842\" data-element_type=\"container\" data-e-type=\"container\" data-settings=\"{&quot;animation&quot;:&quot;none&quot;,&quot;animation_tablet&quot;:&quot;none&quot;,&quot;animation_mobile&quot;:&quot;fadeIn&quot;}\">\n\t\t<div class=\"elementor-element elementor-element-e79f1c2 e-con-full e-flex e-con e-child\" data-id=\"e79f1c2\" data-element_type=\"container\" data-e-type=\"container\" data-settings=\"{&quot;background_background&quot;:&quot;classic&quot;}\">\n\t\t\t\t<div class=\"elementor-element elementor-element-0b6d0df elementor-widget elementor-widget-heading\" data-id=\"0b6d0df\" data-element_type=\"widget\" data-e-type=\"widget\" data-widget_type=\"heading.default\">\n\t\t\t\t<div class=\"elementor-widget-container\">\n\t\t\t\t\t<h2 class=\"elementor-heading-title elementor-size-default\">Booking Form<\/h2>\t\t\t\t<\/div>\n\t\t\t\t<\/div>\n\t\t\t\t<div class=\"elementor-element elementor-element-f0446dd elementor-button-align-start elementor-widget elementor-widget-form\" data-id=\"f0446dd\" data-element_type=\"widget\" data-e-type=\"widget\" data-settings=\"{&quot;step_next_label&quot;:&quot;Next&quot;,&quot;step_previous_label&quot;:&quot;Previous&quot;,&quot;button_width&quot;:&quot;100&quot;,&quot;step_type&quot;:&quot;number_text&quot;,&quot;step_icon_shape&quot;:&quot;circle&quot;}\" data-widget_type=\"form.default\">\n\t\t\t\t<div class=\"elementor-widget-container\">\n\t\t\t\t\t\t\t<form class=\"elementor-form\" method=\"post\" id=\"form_broneering\" name=\"Broneeringuvorm\" aria-label=\"Broneeringuvorm\" novalidate=\"\">\n\t\t\t<input type=\"hidden\" name=\"post_id\" value=\"1154\"\/>\n\t\t\t<input type=\"hidden\" name=\"form_id\" value=\"f0446dd\"\/>\n\t\t\t<input type=\"hidden\" name=\"referer_title\" value=\"Book Now - Maxillofacial Surgery Center in Tallinn\" \/>\n\n\t\t\t\t\t\t\t<input type=\"hidden\" name=\"queried_id\" value=\"1154\"\/>\n\t\t\t\n\t\t\t<div class=\"elementor-form-fields-wrapper elementor-labels-\">\n\t\t\t\t\t\t\t\t<div class=\"elementor-field-type-number elementor-field-group elementor-column elementor-field-group-isikukood elementor-col-100 elementor-field-required\">\n\t\t\t\t\t\t\t\t<input type=\"number\" name=\"form_fields[isikukood]\" id=\"form-field-isikukood\" class=\"elementor-field elementor-size-sm  elementor-field-textual\" placeholder=\"Personal Identification Code*\" required=\"required\" min=\"\" max=\"\" >\n\t\t\t\t\t\t<\/div>\n\t\t\t\t\t\t\t\t<div class=\"elementor-field-type-email elementor-field-group elementor-column elementor-field-group-email elementor-col-100 elementor-field-required\">\n\t\t\t\t\t\t\t\t\t\t\t\t\t<input size=\"1\" type=\"email\" name=\"form_fields[email]\" id=\"form-field-email\" class=\"elementor-field elementor-size-sm  elementor-field-textual\" placeholder=\"Email*\" required=\"required\">\n\t\t\t\t\t\t\t\t\t\t\t<\/div>\n\t\t\t\t\t\t\t\t<div class=\"elementor-field-type-tel elementor-field-group elementor-column elementor-field-group-phonenr elementor-col-100 elementor-field-required\">\n\t\t\t\t\t\t\t<input size=\"1\" type=\"tel\" name=\"form_fields[phonenr]\" id=\"form-field-phonenr\" class=\"elementor-field elementor-size-sm  elementor-field-textual\" placeholder=\"Phone number*\" required=\"required\" pattern=\"[0-9()#&amp;+*-=.]+\" title=\"Only numbers and phone characters (#, -, *, etc) are accepted.\">\n\n\t\t\t\t\t\t<\/div>\n\t\t\t\t\t\t\t\t<div class=\"elementor-field-type-text elementor-field-group elementor-column elementor-field-group-ajasoov elementor-col-100 elementor-field-required\">\n\t\t\t\t\t\t\t\t\t\t\t\t\t<input size=\"1\" type=\"text\" name=\"form_fields[ajasoov]\" id=\"form-field-ajasoov\" class=\"elementor-field elementor-size-sm  elementor-field-textual\" placeholder=\"When would you like to come?*\" required=\"required\">\n\t\t\t\t\t\t\t\t\t\t\t<\/div>\n\t\t\t\t\t\t\t\t<div class=\"elementor-field-type-textarea elementor-field-group elementor-column elementor-field-group-message elementor-col-100 elementor-field-required\">\n\t\t\t\t\t<textarea class=\"elementor-field-textual elementor-field  elementor-size-sm\" name=\"form_fields[message]\" id=\"form-field-message\" rows=\"6\" placeholder=\"How can we help?*\" required=\"required\"><\/textarea>\t\t\t\t<\/div>\n\t\t\t\t\t\t\t\t<div class=\"elementor-field-type-recaptcha_v3 elementor-field-group elementor-column elementor-field-group-field_1ff4422 elementor-col-100 recaptcha_v3-bottomright\">\n\t\t\t\t\t<div class=\"elementor-field\" id=\"form-field-field_1ff4422\"><div class=\"elementor-g-recaptcha\" data-sitekey=\"6LeRX_IqAAAAAInXodvteqG1dESKlYoopnTG2dqq\" data-type=\"v3\" data-action=\"Form\" data-badge=\"bottomright\" data-size=\"invisible\"><\/div><\/div>\t\t\t\t<\/div>\n\t\t\t\t\t\t\t\t<div class=\"elementor-field-group elementor-column elementor-field-type-submit elementor-col-100 e-form__buttons\">\n\t\t\t\t\t<button class=\"elementor-button elementor-size-sm\" type=\"submit\">\n\t\t\t\t\t\t<span class=\"elementor-button-content-wrapper\">\n\t\t\t\t\t\t\t\t\t\t\t\t\t\t\t\t\t\t\t\t\t\t<span class=\"elementor-button-text\">Submit Request<\/span>\n\t\t\t\t\t\t\t\t\t\t\t\t\t<\/span>\n\t\t\t\t\t<\/button>\n\t\t\t\t<\/div>\n\t\t\t<\/div>\n\t\t<\/form>\n\t\t\t\t\t\t<\/div>\n\t\t\t\t<\/div>\n\t\t\t\t<\/div>\n\t\t\t\t<\/div>\n\t\t<div class=\"elementor-element elementor-element-188d98f e-con-full elementor-hidden-desktop elementor-hidden-tablet animated-fast e-flex elementor-invisible e-con e-child\" data-id=\"188d98f\" data-element_type=\"container\" data-e-type=\"container\" data-settings=\"{&quot;animation&quot;:&quot;fadeIn&quot;}\">\n\t\t\t\t<div class=\"elementor-element elementor-element-80a7a45 elementor-widget elementor-widget-heading\" data-id=\"80a7a45\" data-element_type=\"widget\" data-e-type=\"widget\" data-widget_type=\"heading.default\">\n\t\t\t\t<div class=\"elementor-widget-container\">\n\t\t\t\t\t<h2 class=\"elementor-heading-title elementor-size-default\">Cancellation Policy\u200b<\/h2>\t\t\t\t<\/div>\n\t\t\t\t<\/div>\n\t\t\t\t<div class=\"elementor-element elementor-element-960a27d elementor-widget elementor-widget-text-editor\" data-id=\"960a27d\" data-element_type=\"widget\" data-e-type=\"widget\" data-widget_type=\"text-editor.default\">\n\t\t\t\t<div class=\"elementor-widget-container\">\n\t\t\t\t\t\t\t\t\t<p data-start=\"507\" data-end=\"616\">Appointments can be canceled <strong>free of charge<\/strong> at least <strong>24 hours<\/strong> in advance.<\/p><p data-start=\"618\" data-end=\"684\"><strong>PS!<\/strong> Late cancellations or no-shows will incur a \u20ac40 fee.<\/p>\t\t\t\t\t\t\t\t<\/div>\n\t\t\t\t<\/div>\n\t\t\t\t<\/div>\n\t\t\t\t\t<\/div>\n\t\t\t\t<\/div>\n\t\t<div class=\"elementor-element elementor-element-b0ddf92 e-flex e-con-boxed e-con e-parent\" data-id=\"b0ddf92\" data-element_type=\"container\" data-e-type=\"container\">\n\t\t\t\t\t<div class=\"e-con-inner\">\n\t\t<div class=\"elementor-element elementor-element-b77f7d4 e-con-full animated-fast e-flex elementor-invisible e-con e-child\" data-id=\"b77f7d4\" data-element_type=\"container\" data-e-type=\"container\" data-settings=\"{&quot;animation&quot;:&quot;fadeIn&quot;}\">\n\t\t\t\t<div class=\"elementor-element elementor-element-85f846f elementor-widget elementor-widget-heading\" data-id=\"85f846f\" data-element_type=\"widget\" data-e-type=\"widget\" data-widget_type=\"heading.default\">\n\t\t\t\t<div class=\"elementor-widget-container\">\n\t\t\t\t\t<h2 class=\"elementor-heading-title elementor-size-default\">Our Location\n<\/h2>\t\t\t\t<\/div>\n\t\t\t\t<\/div>\n\t\t\t\t<div class=\"elementor-element elementor-element-4aeb0af elementor-widget elementor-widget-google_maps\" data-id=\"4aeb0af\" data-element_type=\"widget\" data-e-type=\"widget\" data-widget_type=\"google_maps.default\">\n\t\t\t\t<div class=\"elementor-widget-container\">\n\t\t\t\t\t\t\t<div class=\"elementor-custom-embed\">\n\t\t\t<iframe loading=\"lazy\"\n\t\t\t\t\tsrc=\"https:\/\/maps.google.com\/maps?q=N%C3%A4o-l%C3%B5ualuukirurgia&#038;t=m&#038;z=13&#038;output=embed&#038;iwloc=near\"\n\t\t\t\t\ttitle=\"N\u00e4o-l\u00f5ualuukirurgia\"\n\t\t\t\t\taria-label=\"N\u00e4o-l\u00f5ualuukirurgia\"\n\t\t\t><\/iframe>\n\t\t<\/div>\n\t\t\t\t\t\t<\/div>\n\t\t\t\t<\/div>\n\t\t\t\t<div class=\"elementor-element elementor-element-656d0f1 elementor-widget elementor-widget-text-editor\" data-id=\"656d0f1\" data-element_type=\"widget\" data-e-type=\"widget\" data-widget_type=\"text-editor.default\">\n\t\t\t\t<div class=\"elementor-widget-container\">\n\t\t\t\t\t\t\t\t\t<p>Our clinic does not have private parking.<\/p>\t\t\t\t\t\t\t\t<\/div>\n\t\t\t\t<\/div>\n\t\t\t\t<\/div>\n\t\t<div class=\"elementor-element elementor-element-dded3b3 e-con-full animated-fast e-flex elementor-invisible e-con e-child\" data-id=\"dded3b3\" data-element_type=\"container\" data-e-type=\"container\" data-settings=\"{&quot;animation&quot;:&quot;fadeIn&quot;}\">\n\t\t\t\t<div class=\"elementor-element elementor-element-3674455 elementor-widget elementor-widget-heading\" data-id=\"3674455\" data-element_type=\"widget\" data-e-type=\"widget\" data-widget_type=\"heading.default\">\n\t\t\t\t<div class=\"elementor-widget-container\">\n\t\t\t\t\t<h2 class=\"elementor-heading-title elementor-size-default\">Paid Parking\n<\/h2>\t\t\t\t<\/div>\n\t\t\t\t<\/div>\n\t\t\t\t<div class=\"elementor-element elementor-element-375901b elementor-widget elementor-widget-image\" data-id=\"375901b\" data-element_type=\"widget\" data-e-type=\"widget\" data-widget_type=\"image.default\">\n\t\t\t\t<div class=\"elementor-widget-container\">\n\t\t\t\t\t\t\t\t\t\t\t\t\t\t\t\t<a href=\"https:\/\/kirurgiakeskus.ee\/tst\/tst\/stg\/wp-content\/uploads\/2025\/03\/KT-tasuline.svg\" data-elementor-open-lightbox=\"yes\" data-elementor-lightbox-title=\"Tasulise parkimise kaart\" data-e-action-hash=\"#elementor-action%3Aaction%3Dlightbox%26settings%3DeyJpZCI6MTM2NSwidXJsIjoiaHR0cHM6XC9cL2tpcnVyZ2lha2Vza3VzLmVlXC90c3RcL3dwLWNvbnRlbnRcL3VwbG9hZHNcLzIwMjVcLzAzXC9LVC10YXN1bGluZS5zdmcifQ%3D%3D\">\n\t\t\t\t\t\t\t<img fetchpriority=\"high\" decoding=\"async\" width=\"800\" height=\"800\" src=\"https:\/\/kirurgiakeskus.ee\/tst\/wp-content\/uploads\/2025\/03\/KT-tasuline.svg\" class=\"attachment-large size-large wp-image-1365\" alt=\"Tasulise parkimise kaart\" \/>\t\t\t\t\t\t\t\t<\/a>\n\t\t\t\t\t\t\t\t\t\t\t\t\t\t\t<\/div>\n\t\t\t\t<\/div>\n\t\t\t\t<div class=\"elementor-element elementor-element-845c1d0 elementor-widget elementor-widget-text-editor\" data-id=\"845c1d0\" data-element_type=\"widget\" data-e-type=\"widget\" data-widget_type=\"text-editor.default\">\n\t\t\t\t<div class=\"elementor-widget-container\">\n\t\t\t\t\t\t\t\t\t<p data-start=\"0\" data-end=\"185\">Payment can be made at the payment machine or via mobile parking by sending an SMS to\u00a0<strong data-start=\"86\" data-end=\"94\">1902<\/strong>\u00a0with the message\u00a0<strong data-start=\"112\" data-end=\"160\">[vehicle registration number] [space] [zone]<\/strong>\u00a0(e.g.,\u00a0<em data-start=\"168\" data-end=\"181\">123ABC PERH<\/em>).<\/p><p data-start=\"187\" data-end=\"219\">To end parking, call\u00a0<strong data-start=\"208\" data-end=\"216\">1903<\/strong>.<\/p><p data-start=\"221\" data-end=\"293\" data-is-last-node=\"\" data-is-only-node=\"\"><strong data-start=\"221\" data-end=\"228\">PS!<\/strong>\u00a0Please check the parking conditions before leaving your vehicle.<\/p>\t\t\t\t\t\t\t\t<\/div>\n\t\t\t\t<\/div>\n\t\t\t\t<\/div>\n\t\t\t\t\t<\/div>\n\t\t\t\t<\/div>\n\t\t<div class=\"elementor-element elementor-element-26eb2a0 e-flex e-con-boxed e-con e-parent\" data-id=\"26eb2a0\" data-element_type=\"container\" data-e-type=\"container\">\n\t\t\t\t\t<div class=\"e-con-inner\">\n\t\t<div class=\"elementor-element elementor-element-22fd80d e-con-full animated-fast e-flex elementor-invisible e-con e-child\" data-id=\"22fd80d\" data-element_type=\"container\" data-e-type=\"container\" data-settings=\"{&quot;animation&quot;:&quot;fadeIn&quot;}\">\n\t\t\t\t<div class=\"elementor-element elementor-element-0232100 elementor-widget elementor-widget-heading\" data-id=\"0232100\" data-element_type=\"widget\" data-e-type=\"widget\" data-widget_type=\"heading.default\">\n\t\t\t\t<div class=\"elementor-widget-container\">\n\t\t\t\t\t<h2 class=\"elementor-heading-title elementor-size-default\">Free Parking\n<\/h2>\t\t\t\t<\/div>\n\t\t\t\t<\/div>\n\t\t\t\t<div class=\"elementor-element elementor-element-0255424 elementor-widget elementor-widget-image\" data-id=\"0255424\" data-element_type=\"widget\" data-e-type=\"widget\" data-widget_type=\"image.default\">\n\t\t\t\t<div class=\"elementor-widget-container\">\n\t\t\t\t\t\t\t\t\t\t\t\t\t\t\t\t<a href=\"https:\/\/kirurgiakeskus.ee\/tst\/tst\/stg\/wp-content\/uploads\/2025\/03\/KT-tasuta.svg\" data-elementor-open-lightbox=\"yes\" data-elementor-lightbox-title=\"Tasuta parkimise kaart\" data-e-action-hash=\"#elementor-action%3Aaction%3Dlightbox%26settings%3DeyJpZCI6MTM3MCwidXJsIjoiaHR0cHM6XC9cL2tpcnVyZ2lha2Vza3VzLmVlXC90c3RcL3dwLWNvbnRlbnRcL3VwbG9hZHNcLzIwMjVcLzAzXC9LVC10YXN1dGEuc3ZnIn0%3D\">\n\t\t\t\t\t\t\t<img decoding=\"async\" width=\"800\" height=\"800\" src=\"https:\/\/kirurgiakeskus.ee\/tst\/wp-content\/uploads\/2025\/03\/KT-tasuta.svg\" class=\"attachment-large size-large wp-image-1370\" alt=\"Tasuta parkimise kaart\" \/>\t\t\t\t\t\t\t\t<\/a>\n\t\t\t\t\t\t\t\t\t\t\t\t\t\t\t<\/div>\n\t\t\t\t<\/div>\n\t\t\t\t<div class=\"elementor-element elementor-element-42e75e8 elementor-widget elementor-widget-text-editor\" data-id=\"42e75e8\" data-element_type=\"widget\" data-e-type=\"widget\" data-widget_type=\"text-editor.default\">\n\t\t\t\t<div class=\"elementor-widget-container\">\n\t\t\t\t\t\t\t\t\t<p data-start=\"0\" data-end=\"93\">In the Magistral Center parking lot, customers of the Magistral Center can park for free for <strong>2 hours<\/strong> with a parking disc.<\/p><p data-start=\"95\" data-end=\"161\">The Maxillofacial Surgery Center is a 7-minute (500m) walk away.<\/p><p data-start=\"163\" data-end=\"235\" data-is-last-node=\"\" data-is-only-node=\"\"><strong data-start=\"163\" data-end=\"170\">PS!<\/strong>\u00a0Please check the parking conditions before leaving your vehicle.<\/p>\t\t\t\t\t\t\t\t<\/div>\n\t\t\t\t<\/div>\n\t\t\t\t<\/div>\n\t\t<div class=\"elementor-element elementor-element-443dd1e e-con-full animated-fast e-flex elementor-invisible e-con e-child\" data-id=\"443dd1e\" data-element_type=\"container\" data-e-type=\"container\" data-settings=\"{&quot;animation&quot;:&quot;fadeIn&quot;}\">\n\t\t\t\t<div class=\"elementor-element elementor-element-d7546a2 elementor-widget elementor-widget-heading\" data-id=\"d7546a2\" data-element_type=\"widget\" data-e-type=\"widget\" data-widget_type=\"heading.default\">\n\t\t\t\t<div class=\"elementor-widget-container\">\n\t\t\t\t\t<h2 class=\"elementor-heading-title elementor-size-default\">Public Transport\n<\/h2>\t\t\t\t<\/div>\n\t\t\t\t<\/div>\n\t\t\t\t<div class=\"elementor-element elementor-element-3d047d5 elementor-widget elementor-widget-image\" data-id=\"3d047d5\" data-element_type=\"widget\" data-e-type=\"widget\" data-widget_type=\"image.default\">\n\t\t\t\t<div class=\"elementor-widget-container\">\n\t\t\t\t\t\t\t\t\t\t\t\t\t\t\t\t<a href=\"https:\/\/kirurgiakeskus.ee\/tst\/tst\/stg\/wp-content\/uploads\/2025\/03\/kt-uhistransport-2.svg\" data-elementor-open-lightbox=\"yes\" data-elementor-lightbox-title=\"\u00dchistranspordi kaart\" data-e-action-hash=\"#elementor-action%3Aaction%3Dlightbox%26settings%3DeyJpZCI6MTU1OCwidXJsIjoiaHR0cHM6XC9cL2tpcnVyZ2lha2Vza3VzLmVlXC90c3RcL3dwLWNvbnRlbnRcL3VwbG9hZHNcLzIwMjVcLzAzXC9rdC11aGlzdHJhbnNwb3J0LTIuc3ZnIn0%3D\">\n\t\t\t\t\t\t\t<img decoding=\"async\" width=\"800\" height=\"800\" src=\"https:\/\/kirurgiakeskus.ee\/tst\/wp-content\/uploads\/2025\/03\/kt-uhistransport-2.svg\" class=\"attachment-large size-large wp-image-1558\" alt=\"\u00dchistranspordi kaart\" \/>\t\t\t\t\t\t\t\t<\/a>\n\t\t\t\t\t\t\t\t\t\t\t\t\t\t\t<\/div>\n\t\t\t\t<\/div>\n\t\t\t\t<div class=\"elementor-element elementor-element-560f317 elementor-widget elementor-widget-text-editor\" data-id=\"560f317\" data-element_type=\"widget\" data-e-type=\"widget\" data-widget_type=\"text-editor.default\">\n\t\t\t\t<div class=\"elementor-widget-container\">\n\t\t\t\t\t\t\t\t\t<p data-start=\"0\" data-end=\"50\">Bus lines\u00a0<strong data-start=\"10\" data-end=\"16\">61<\/strong>\u00a0and\u00a0<strong data-start=\"21\" data-end=\"27\">67<\/strong>\u00a0stop at\u00a0<strong data-start=\"36\" data-end=\"47\">Tervise<\/strong>.<\/p><p data-start=\"52\" data-end=\"128\">The Maxillofacial Surgery Center is a 2-minute walk from the stop.<\/p><p data-start=\"52\" data-end=\"128\"><a href=\"https:\/\/transport.tallinn.ee\/mobile.html#plan\/\/03004-1,02703-1\" target=\"_blank\" rel=\"noopener\"><u>Journey Planner<\/u><\/a><\/p>\t\t\t\t\t\t\t\t<\/div>\n\t\t\t\t<\/div>\n\t\t\t\t<\/div>\n\t\t\t\t\t<\/div>\n\t\t\t\t<\/div>\n\t\t\t\t<\/div>\n\t\t","protected":false},"excerpt":{"rendered":"<p>Book Now Reception Mon-Fri 9:00 &#8211; 17:00.J.S\u00fctiste tee 19a, Tallinn 13419 N\u00e4o- ja l\u00f5ualuukirurgia keskus will be on collective vacation from July 21 to August 3, 2025. We will respond to emails as soon as possible. Booking an Appointment We are part of the national digital registration system, which requires a digital referral. Patients with [&hellip;]<\/p>\n","protected":false},"author":1,"featured_media":0,"parent":0,"menu_order":0,"comment_status":"closed","ping_status":"closed","template":"","meta":{"footnotes":""},"class_list":["post-1154","page","type-page","status-publish","hentry"],"_links":{"self":[{"href":"https:\/\/kirurgiakeskus.ee\/tst\/wp-json\/wp\/v2\/pages\/1154","targetHints":{"allow":["GET"]}}],"collection":[{"href":"https:\/\/kirurgiakeskus.ee\/tst\/wp-json\/wp\/v2\/pages"}],"about":[{"href":"https:\/\/kirurgiakeskus.ee\/tst\/wp-json\/wp\/v2\/types\/page"}],"author":[{"embeddable":true,"href":"https:\/\/kirurgiakeskus.ee\/tst\/wp-json\/wp\/v2\/users\/1"}],"replies":[{"embeddable":true,"href":"https:\/\/kirurgiakeskus.ee\/tst\/wp-json\/wp\/v2\/comments?post=1154"}],"version-history":[{"count":68,"href":"https:\/\/kirurgiakeskus.ee\/tst\/wp-json\/wp\/v2\/pages\/1154\/revisions"}],"predecessor-version":[{"id":2594,"href":"https:\/\/kirurgiakeskus.ee\/tst\/wp-json\/wp\/v2\/pages\/1154\/revisions\/2594"}],"wp:attachment":[{"href":"https:\/\/kirurgiakeskus.ee\/tst\/wp-json\/wp\/v2\/media?parent=1154"}],"curies":[{"name":"wp","href":"https:\/\/api.w.org\/{rel}","templated":true}]}}