{"id":244,"date":"2025-03-10T16:25:07","date_gmt":"2025-03-10T14:25:07","guid":{"rendered":"https:\/\/kirurgiakeskus.ee\/tst\/?page_id=244"},"modified":"2025-03-25T15:34:48","modified_gmt":"2025-03-25T13:34:48","slug":"kaebuste-menetlemise-kord","status":"publish","type":"page","link":"https:\/\/kirurgiakeskus.ee\/tst\/kaebuste-menetlemise-kord\/","title":{"rendered":"Kaebuste menetlemise kord"},"content":{"rendered":"\t\t<div data-elementor-type=\"wp-page\" data-elementor-id=\"244\" class=\"elementor elementor-244\" data-elementor-post-type=\"page\">\n\t\t\t\t<div class=\"elementor-element elementor-element-020d152 e-flex e-con-boxed e-con e-parent\" data-id=\"020d152\" data-element_type=\"container\" data-e-type=\"container\">\n\t\t\t\t\t<div class=\"e-con-inner\">\n\t\t\t\t<div class=\"elementor-element elementor-element-3b5935a elementor-widget elementor-widget-heading\" data-id=\"3b5935a\" data-element_type=\"widget\" data-e-type=\"widget\" data-widget_type=\"heading.default\">\n\t\t\t\t<div class=\"elementor-widget-container\">\n\t\t\t\t\t<h1 class=\"elementor-heading-title elementor-size-default\">Kaebuste menetlemise kord<\/h1>\t\t\t\t<\/div>\n\t\t\t\t<\/div>\n\t\t\t\t\t<\/div>\n\t\t\t\t<\/div>\n\t\t<div class=\"elementor-element elementor-element-5ad3d42 e-flex e-con-boxed e-con e-parent\" data-id=\"5ad3d42\" data-element_type=\"container\" data-e-type=\"container\">\n\t\t\t\t\t<div class=\"e-con-inner\">\n\t\t<div class=\"elementor-element elementor-element-e9b33e0 e-con-full e-flex e-con e-child\" data-id=\"e9b33e0\" data-element_type=\"container\" data-e-type=\"container\">\n\t\t\t\t<div class=\"elementor-element elementor-element-a6dc2b9 elementor-widget__width-initial elementor-widget elementor-widget-text-editor\" data-id=\"a6dc2b9\" data-element_type=\"widget\" data-e-type=\"widget\" data-widget_type=\"text-editor.default\">\n\t\t\t\t<div class=\"elementor-widget-container\">\n\t\t\t\t\t\t\t\t\t<p>K\u00e4esoleva ettepanekute\/kaebuste lahendamise korra eesm\u00e4rgiks on informatsiooni kogumine teenuste kvaliteedi kohta N\u00e4o-l\u00f5ualuukirurgia Keskus O\u00dc-s, patsientide rahulolu tagamine ning kaebuste ja ettepanekute v\u00f5imalikult kiire l\u00e4bivaatamine ja lahendamine.<\/p><p>Kaebuse saab esitada paberkandjal registratuuri v\u00f5i e-kirjaga aadressil <span style=\"text-decoration: underline;\"><a href=\"mailto:info@kirurgiakeskus.ee\">info@kirurgiakeskus.ee<\/a><\/span>. Kaebused registreeritakse.<\/p><p>Keskuse personalil on \u00f5igus kaebusi lahendada enda p\u00e4devuse piires.<\/p><p>Kaebusele m\u00e4rgitakse patsiendi nimi ja isikukood, telefon, e-mail, kuup\u00e4ev, kaebuse sisu ning soovitud lahend.<\/p><p>Kaebuse esitajat teavitatakse kaebuse k\u00e4ttesaamisest kuni kahe t\u00f6\u00f6p\u00e4eva jooksul kaebuse k\u00e4ttesaamisest. Detailsem tagasiside antakse esimesel v\u00f5imalusel, kuid mitte hiljem kui 30 p\u00e4eva jooksul alates kaebuse k\u00e4ttesaamisest.<\/p><p>Kaebuse lahendamise tulemusest informeeritakse kaebuse esitajat e-kirja teel v\u00f5i kaebaja soovil saadetakse vastus tema poolt esitatud aadressile.<\/p><p>Kaebustele ei vastata juhul kui:<\/p><ol><li>esitanud isikut ei ole v\u00f5imalik kindlaks teha;<\/li><li>puuduvad esitanud isiku sideandmed;<\/li><li>esitanud isik on piiratud teov\u00f5imega ja talle on kohtu poolt m\u00e4\u00e4ratud eestkostja ning ettepanek v\u00f5i kaebus on esitatud esindaja eelneva n\u00f5usolekuta;<\/li><li>esitanud isik on selgelt v\u00e4ljendanud seisukohta, et ta ei soovi kirjale vastust;<\/li><li>ettepaneku v\u00f5i kaebuse sisu ei ole loetav v\u00f5i arusaadav;<\/li><li>vastamine n\u00f5uab teabe suure mahu t\u00f5ttu asutuse t\u00f6\u00f6korralduse muutmist, takistab talle pandud avalike \u00fclesannete t\u00e4itmist v\u00f5i n\u00f5uab p\u00f5hjendamatult suuri kulutusi.<\/li><\/ol><p>Kaebuste menetlemisel kogutud dokumente s\u00e4ilitatakse l\u00e4htuvalt kehtivatest seadustest.<\/p><p>Juhul, kui kaebuse esitaja ei ole lahendusega rahul, on tal v\u00f5imalus ja \u00f5igus p\u00f6\u00f6rduda Tervisekassa v\u00f5i Terviseameti poole.<\/p><p>TERVISEKASSA<br \/><a href=\"https:\/\/www.tervisekassa.ee\/inimesele\/arsti-ja-oendusabi\/ettepanekud-ja-tagasiside\" target=\"_blank\" rel=\"noopener\">https:\/\/www.tervisekassa.ee\/inimesele\/arsti-ja-oendusabi\/ettepanekud-ja-tagasiside<br \/><\/a><a href=\"mailto:info@tervisekassa.ee\">info@tervisekassa.ee<\/a><\/p><p>TERVISEAMET<br \/><a href=\"https:\/\/terviseamet.ee\/\" target=\"_blank\" rel=\"noopener\">https:\/\/www.terviseamet.ee<br \/><\/a><a href=\"mailto:info@terviseamet.ee\">info@terviseamet.ee<\/a><\/p>\t\t\t\t\t\t\t\t<\/div>\n\t\t\t\t<\/div>\n\t\t\t\t<\/div>\n\t\t\t\t\t<\/div>\n\t\t\t\t<\/div>\n\t\t\t\t<\/div>\n\t\t","protected":false},"excerpt":{"rendered":"<p>Kaebuste menetlemise kord K\u00e4esoleva ettepanekute\/kaebuste lahendamise korra eesm\u00e4rgiks on informatsiooni kogumine teenuste kvaliteedi kohta N\u00e4o-l\u00f5ualuukirurgia Keskus O\u00dc-s, patsientide rahulolu tagamine ning kaebuste ja ettepanekute v\u00f5imalikult kiire l\u00e4bivaatamine ja lahendamine. Kaebuse saab esitada paberkandjal registratuuri v\u00f5i e-kirjaga aadressil info@kirurgiakeskus.ee. Kaebused registreeritakse. Keskuse personalil on \u00f5igus kaebusi lahendada enda p\u00e4devuse piires. Kaebusele m\u00e4rgitakse patsiendi nimi ja isikukood, [&hellip;]<\/p>\n","protected":false},"author":1,"featured_media":0,"parent":0,"menu_order":0,"comment_status":"closed","ping_status":"closed","template":"","meta":{"footnotes":""},"class_list":["post-244","page","type-page","status-publish","hentry"],"_links":{"self":[{"href":"https:\/\/kirurgiakeskus.ee\/tst\/wp-json\/wp\/v2\/pages\/244","targetHints":{"allow":["GET"]}}],"collection":[{"href":"https:\/\/kirurgiakeskus.ee\/tst\/wp-json\/wp\/v2\/pages"}],"about":[{"href":"https:\/\/kirurgiakeskus.ee\/tst\/wp-json\/wp\/v2\/types\/page"}],"author":[{"embeddable":true,"href":"https:\/\/kirurgiakeskus.ee\/tst\/wp-json\/wp\/v2\/users\/1"}],"replies":[{"embeddable":true,"href":"https:\/\/kirurgiakeskus.ee\/tst\/wp-json\/wp\/v2\/comments?post=244"}],"version-history":[{"count":52,"href":"https:\/\/kirurgiakeskus.ee\/tst\/wp-json\/wp\/v2\/pages\/244\/revisions"}],"predecessor-version":[{"id":1103,"href":"https:\/\/kirurgiakeskus.ee\/tst\/wp-json\/wp\/v2\/pages\/244\/revisions\/1103"}],"wp:attachment":[{"href":"https:\/\/kirurgiakeskus.ee\/tst\/wp-json\/wp\/v2\/media?parent=244"}],"curies":[{"name":"wp","href":"https:\/\/api.w.org\/{rel}","templated":true}]}}