{"id":51,"date":"2025-03-10T09:59:41","date_gmt":"2025-03-10T07:59:41","guid":{"rendered":"https:\/\/kirurgiakeskus.ee\/tst\/?page_id=51"},"modified":"2025-07-21T09:26:50","modified_gmt":"2025-07-21T07:26:50","slug":"meist","status":"publish","type":"page","link":"https:\/\/kirurgiakeskus.ee\/tst\/meist\/","title":{"rendered":"Meist"},"content":{"rendered":"\t\t<div data-elementor-type=\"wp-page\" data-elementor-id=\"51\" class=\"elementor elementor-51\" data-elementor-post-type=\"page\">\n\t\t\t\t<div class=\"elementor-element elementor-element-4ae3840 e-flex e-con-boxed e-con e-parent\" data-id=\"4ae3840\" data-element_type=\"container\" data-e-type=\"container\" data-settings=\"{&quot;background_background&quot;:&quot;classic&quot;}\">\n\t\t\t\t\t<div class=\"e-con-inner\">\n\t\t<div class=\"elementor-element elementor-element-1868df9 e-con-full elementor-hidden-mobile e-flex e-con e-child\" data-id=\"1868df9\" data-element_type=\"container\" data-e-type=\"container\">\n\t\t\t\t<div class=\"elementor-element elementor-element-bc60e49 elementor-widget elementor-widget-image\" data-id=\"bc60e49\" data-element_type=\"widget\" data-e-type=\"widget\" data-widget_type=\"image.default\">\n\t\t\t\t<div class=\"elementor-widget-container\">\n\t\t\t\t\t\t\t\t\t\t\t\t\t\t\t<img fetchpriority=\"high\" decoding=\"async\" width=\"1300\" height=\"410\" src=\"https:\/\/kirurgiakeskus.ee\/tst\/wp-content\/uploads\/2025\/03\/nao-loualuukirurgia-keskuse-sissepaas.jpg\" class=\"attachment-full size-full wp-image-1423\" alt=\"n\u00e4o-l\u00f5ualuukirurgia keskuse sissep\u00e4\u00e4s\" srcset=\"https:\/\/kirurgiakeskus.ee\/tst\/wp-content\/uploads\/2025\/03\/nao-loualuukirurgia-keskuse-sissepaas.jpg 1300w, https:\/\/kirurgiakeskus.ee\/tst\/wp-content\/uploads\/2025\/03\/nao-loualuukirurgia-keskuse-sissepaas-300x95.jpg 300w, https:\/\/kirurgiakeskus.ee\/tst\/wp-content\/uploads\/2025\/03\/nao-loualuukirurgia-keskuse-sissepaas-1024x323.jpg 1024w, https:\/\/kirurgiakeskus.ee\/tst\/wp-content\/uploads\/2025\/03\/nao-loualuukirurgia-keskuse-sissepaas-768x242.jpg 768w\" sizes=\"(max-width: 1300px) 100vw, 1300px\" \/>\t\t\t\t\t\t\t\t\t\t\t\t\t\t\t<\/div>\n\t\t\t\t<\/div>\n\t\t\t\t<\/div>\n\t\t<div class=\"elementor-element elementor-element-f774dae e-con-full elementor-hidden-desktop elementor-hidden-tablet e-flex e-con e-child\" data-id=\"f774dae\" data-element_type=\"container\" data-e-type=\"container\" data-settings=\"{&quot;background_background&quot;:&quot;classic&quot;}\">\n\t\t\t\t<\/div>\n\t\t\t\t\t<\/div>\n\t\t\t\t<\/div>\n\t\t<div class=\"elementor-element elementor-element-f7890d8 e-flex e-con-boxed e-con e-parent\" data-id=\"f7890d8\" data-element_type=\"container\" data-e-type=\"container\">\n\t\t\t\t\t<div class=\"e-con-inner\">\n\t\t<div class=\"elementor-element elementor-element-a5b637a e-con-full e-flex e-con e-child\" data-id=\"a5b637a\" data-element_type=\"container\" data-e-type=\"container\">\n\t\t\t\t<div class=\"elementor-element elementor-element-64edc6d elementor-widget elementor-widget-heading\" data-id=\"64edc6d\" data-element_type=\"widget\" data-e-type=\"widget\" data-widget_type=\"heading.default\">\n\t\t\t\t<div class=\"elementor-widget-container\">\n\t\t\t\t\t<h1 class=\"elementor-heading-title elementor-size-default\">Meist<\/h1>\t\t\t\t<\/div>\n\t\t\t\t<\/div>\n\t\t\t\t<div class=\"elementor-element elementor-element-a7eb654 animated-fast elementor-invisible elementor-widget elementor-widget-text-editor\" data-id=\"a7eb654\" data-element_type=\"widget\" data-e-type=\"widget\" data-settings=\"{&quot;_animation&quot;:&quot;fadeIn&quot;,&quot;_animation_mobile&quot;:&quot;none&quot;}\" data-widget_type=\"text-editor.default\">\n\t\t\t\t<div class=\"elementor-widget-container\">\n\t\t\t\t\t\t\t\t\t<p>N\u00e4o-l\u00f5ualuukirurgia keskus avas oma uksed 2004. aastal, spetsialiseerides n\u00e4o- ja l\u00f5ualuupiirkonna haiguste ravile. T\u00e4naseks t\u00f6\u00f6tab meil <strong>7 vilunud kirurgi<\/strong>, kes pakuvad k\u00f5rgetasemelist ravi tarkusehammaste eemaldamisest kuni keerukate l\u00f5ualuude rekonstruktsioonideni.<\/p>\n<p>Enamus meie keskuses t\u00f6\u00f6tavad arste ja \u00f5desid t\u00f6\u00f6tab paralleelselt ka PERH-i statsionaaris ning omavad aastak\u00fcmnete pikkust kogemust kirurgias, sealhulgas etten\u00e4gematute ja keerukate olukordade lahendamisel.<\/p>\n<p>Parima v\u00f5imaliku ravi, steriilsuse ja kiire taastumise tagamiseks oleme teinud sadadesse tuhandetesse eurodesse ulatuvad investeeringud aparatuuri.<\/p>\t\t\t\t\t\t\t\t<\/div>\n\t\t\t\t<\/div>\n\t\t\t\t<\/div>\n\t\t<div class=\"elementor-element elementor-element-0f07571 e-con-full elementor-hidden-tablet animated-fast e-flex elementor-invisible e-con e-child\" data-id=\"0f07571\" data-element_type=\"container\" data-e-type=\"container\" data-settings=\"{&quot;animation&quot;:&quot;fadeIn&quot;}\">\n\t\t\t\t<div class=\"elementor-element elementor-element-736ff1d elementor-widget elementor-widget-image\" data-id=\"736ff1d\" data-element_type=\"widget\" data-e-type=\"widget\" data-widget_type=\"image.default\">\n\t\t\t\t<div class=\"elementor-widget-container\">\n\t\t\t\t\t\t\t\t\t\t\t\t\t\t\t<img decoding=\"async\" width=\"700\" height=\"467\" src=\"https:\/\/kirurgiakeskus.ee\/tst\/wp-content\/uploads\/2025\/03\/armas-administraator.jpg\" class=\"attachment-full size-full wp-image-1424\" alt=\"armas administraator\" srcset=\"https:\/\/kirurgiakeskus.ee\/tst\/wp-content\/uploads\/2025\/03\/armas-administraator.jpg 700w, https:\/\/kirurgiakeskus.ee\/tst\/wp-content\/uploads\/2025\/03\/armas-administraator-300x200.jpg 300w\" sizes=\"(max-width: 700px) 100vw, 700px\" \/>\t\t\t\t\t\t\t\t\t\t\t\t\t\t\t<\/div>\n\t\t\t\t<\/div>\n\t\t\t\t<\/div>\n\t\t\t\t\t<\/div>\n\t\t\t\t<\/div>\n\t\t<div class=\"elementor-element elementor-element-9b178a5 e-flex e-con-boxed e-con e-parent\" data-id=\"9b178a5\" data-element_type=\"container\" data-e-type=\"container\" data-settings=\"{&quot;background_background&quot;:&quot;classic&quot;}\">\n\t\t\t\t\t<div class=\"e-con-inner\">\n\t\t<div class=\"elementor-element elementor-element-d60d5aa e-con-full animated-fast e-flex elementor-invisible e-con e-child\" data-id=\"d60d5aa\" data-element_type=\"container\" data-e-type=\"container\" data-settings=\"{&quot;background_background&quot;:&quot;classic&quot;,&quot;animation&quot;:&quot;fadeIn&quot;}\">\n\t\t\t\t<div class=\"elementor-element elementor-element-0c39237 elementor-widget elementor-widget-heading\" data-id=\"0c39237\" data-element_type=\"widget\" data-e-type=\"widget\" data-widget_type=\"heading.default\">\n\t\t\t\t<div class=\"elementor-widget-container\">\n\t\t\t\t\t<h2 class=\"elementor-heading-title elementor-size-default\">Kirurgid<\/h2>\t\t\t\t<\/div>\n\t\t\t\t<\/div>\n\t\t<div class=\"elementor-element elementor-element-e935c7e e-con-full elementor-hidden-tablet elementor-hidden-mobile e-flex e-con e-child\" data-id=\"e935c7e\" data-element_type=\"container\" data-e-type=\"container\">\n\t\t\t\t<div class=\"elementor-element elementor-element-8556c18 elementor-widget__width-initial elementor-widget elementor-widget-text-editor\" data-id=\"8556c18\" data-element_type=\"widget\" data-e-type=\"widget\" data-widget_type=\"text-editor.default\">\n\t\t\t\t<div class=\"elementor-widget-container\">\n\t\t\t\t\t\t\t\t\t<p><b>Dr Peeter Viidebaum<br><\/b>kirurgia,<br>implantaatide paigaldus<\/p>\t\t\t\t\t\t\t\t<\/div>\n\t\t\t\t<\/div>\n\t\t\t\t<div class=\"elementor-element elementor-element-3245146 elementor-widget__width-initial elementor-widget elementor-widget-text-editor\" data-id=\"3245146\" data-element_type=\"widget\" data-e-type=\"widget\" data-widget_type=\"text-editor.default\">\n\t\t\t\t<div class=\"elementor-widget-container\">\n\t\t\t\t\t\t\t\t\t<p><b>Dr Airi Sokk<br \/><\/b>kirurgia<\/p>\t\t\t\t\t\t\t\t<\/div>\n\t\t\t\t<\/div>\n\t\t\t\t<div class=\"elementor-element elementor-element-5d42a5c elementor-widget__width-initial elementor-widget elementor-widget-text-editor\" data-id=\"5d42a5c\" data-element_type=\"widget\" data-e-type=\"widget\" data-widget_type=\"text-editor.default\">\n\t\t\t\t<div class=\"elementor-widget-container\">\n\t\t\t\t\t\t\t\t\t<p><b>Dr Irina Raudj\u00e4rv<br \/><\/b>kirurgia<\/p>\t\t\t\t\t\t\t\t<\/div>\n\t\t\t\t<\/div>\n\t\t\t\t<div class=\"elementor-element elementor-element-d7b348b elementor-widget__width-initial elementor-widget elementor-widget-text-editor\" data-id=\"d7b348b\" data-element_type=\"widget\" data-e-type=\"widget\" data-widget_type=\"text-editor.default\">\n\t\t\t\t<div class=\"elementor-widget-container\">\n\t\t\t\t\t\t\t\t\t<p><b>Dr Sirli Hommuk<br \/><\/b>kirurgia<\/p>\t\t\t\t\t\t\t\t<\/div>\n\t\t\t\t<\/div>\n\t\t\t\t<div class=\"elementor-element elementor-element-1178fc1 elementor-widget__width-initial elementor-widget elementor-widget-text-editor\" data-id=\"1178fc1\" data-element_type=\"widget\" data-e-type=\"widget\" data-widget_type=\"text-editor.default\">\n\t\t\t\t<div class=\"elementor-widget-container\">\n\t\t\t\t\t\t\t\t\t<p><b>Dr Hamor Kaha<br><\/b>kirurgia,<br>implantaatide paigaldus<\/p>\t\t\t\t\t\t\t\t<\/div>\n\t\t\t\t<\/div>\n\t\t\t\t<div class=\"elementor-element elementor-element-d9b8cc6 elementor-widget__width-initial elementor-widget elementor-widget-text-editor\" data-id=\"d9b8cc6\" data-element_type=\"widget\" data-e-type=\"widget\" data-widget_type=\"text-editor.default\">\n\t\t\t\t<div class=\"elementor-widget-container\">\n\t\t\t\t\t\t\t\t\t<p><b>Dr Mart Maidvee<br \/><\/b>kirurgia<\/p>\t\t\t\t\t\t\t\t<\/div>\n\t\t\t\t<\/div>\n\t\t\t\t<div class=\"elementor-element elementor-element-e042d27 elementor-widget__width-initial elementor-widget elementor-widget-text-editor\" data-id=\"e042d27\" data-element_type=\"widget\" data-e-type=\"widget\" data-widget_type=\"text-editor.default\">\n\t\t\t\t<div class=\"elementor-widget-container\">\n\t\t\t\t\t\t\t\t\t<p><b>Dr Sergei Berdnikov<br \/><\/b>kirurgia<\/p>\t\t\t\t\t\t\t\t<\/div>\n\t\t\t\t<\/div>\n\t\t\t\t<div class=\"elementor-element elementor-element-0ee1355 elementor-widget__width-initial elementor-widget elementor-widget-text-editor\" data-id=\"0ee1355\" data-element_type=\"widget\" data-e-type=\"widget\" data-widget_type=\"text-editor.default\">\n\t\t\t\t<div class=\"elementor-widget-container\">\n\t\t\t\t\t\t\t\t\t<p><b>Dr Aleksei Andrianov<br \/><\/b>kirurgia<\/p>\t\t\t\t\t\t\t\t<\/div>\n\t\t\t\t<\/div>\n\t\t\t\t<\/div>\n\t\t<div class=\"elementor-element elementor-element-40ab26b e-con-full elementor-hidden-desktop e-flex e-con e-child\" data-id=\"40ab26b\" data-element_type=\"container\" data-e-type=\"container\">\n\t\t\t\t<div class=\"elementor-element elementor-element-4a76954 elementor-widget__width-initial elementor-widget elementor-widget-text-editor\" data-id=\"4a76954\" data-element_type=\"widget\" data-e-type=\"widget\" data-widget_type=\"text-editor.default\">\n\t\t\t\t<div class=\"elementor-widget-container\">\n\t\t\t\t\t\t\t\t\t<p><b>Dr Peeter Viidebaum<br><\/b>kirurgia,<br>implantaatide paigaldus<\/p>\t\t\t\t\t\t\t\t<\/div>\n\t\t\t\t<\/div>\n\t\t\t\t<div class=\"elementor-element elementor-element-10ec695 elementor-widget__width-initial elementor-widget elementor-widget-text-editor\" data-id=\"10ec695\" data-element_type=\"widget\" data-e-type=\"widget\" data-widget_type=\"text-editor.default\">\n\t\t\t\t<div class=\"elementor-widget-container\">\n\t\t\t\t\t\t\t\t\t<p><b>Dr Hamor Kaha<br \/><\/b>kirurgia,<br \/>implantaatide paigaldus<\/p>\t\t\t\t\t\t\t\t<\/div>\n\t\t\t\t<\/div>\n\t\t\t\t<div class=\"elementor-element elementor-element-2a5eda4 elementor-widget__width-initial elementor-widget elementor-widget-text-editor\" data-id=\"2a5eda4\" data-element_type=\"widget\" data-e-type=\"widget\" data-widget_type=\"text-editor.default\">\n\t\t\t\t<div class=\"elementor-widget-container\">\n\t\t\t\t\t\t\t\t\t<p><b>Dr Airi Sokk<br \/><\/b>kirurgia<\/p>\t\t\t\t\t\t\t\t<\/div>\n\t\t\t\t<\/div>\n\t\t\t\t<div class=\"elementor-element elementor-element-2447c00 elementor-widget__width-initial elementor-widget elementor-widget-text-editor\" data-id=\"2447c00\" data-element_type=\"widget\" data-e-type=\"widget\" data-widget_type=\"text-editor.default\">\n\t\t\t\t<div class=\"elementor-widget-container\">\n\t\t\t\t\t\t\t\t\t<p><b>Dr Mart Maidvee<br \/><\/b>kirurgia<\/p>\t\t\t\t\t\t\t\t<\/div>\n\t\t\t\t<\/div>\n\t\t\t\t<div class=\"elementor-element elementor-element-c8e1f17 elementor-widget__width-initial elementor-widget elementor-widget-text-editor\" data-id=\"c8e1f17\" data-element_type=\"widget\" data-e-type=\"widget\" data-widget_type=\"text-editor.default\">\n\t\t\t\t<div class=\"elementor-widget-container\">\n\t\t\t\t\t\t\t\t\t<p><b>Dr Irina Raudj\u00e4rv<br \/><\/b>kirurgia<\/p>\t\t\t\t\t\t\t\t<\/div>\n\t\t\t\t<\/div>\n\t\t\t\t<div class=\"elementor-element elementor-element-e6567f2 elementor-widget__width-initial elementor-widget elementor-widget-text-editor\" data-id=\"e6567f2\" data-element_type=\"widget\" data-e-type=\"widget\" data-widget_type=\"text-editor.default\">\n\t\t\t\t<div class=\"elementor-widget-container\">\n\t\t\t\t\t\t\t\t\t<p><b>Dr Sirli Hommuk<br \/><\/b>kirurgia<\/p>\t\t\t\t\t\t\t\t<\/div>\n\t\t\t\t<\/div>\n\t\t\t\t<div class=\"elementor-element elementor-element-5818747 elementor-widget__width-initial elementor-widget elementor-widget-text-editor\" data-id=\"5818747\" data-element_type=\"widget\" data-e-type=\"widget\" data-widget_type=\"text-editor.default\">\n\t\t\t\t<div class=\"elementor-widget-container\">\n\t\t\t\t\t\t\t\t\t<p><b>Dr Sergei Berdnikov<br \/><\/b>kirurgia<\/p>\t\t\t\t\t\t\t\t<\/div>\n\t\t\t\t<\/div>\n\t\t\t\t<div class=\"elementor-element elementor-element-04ed7d7 elementor-widget__width-initial elementor-widget elementor-widget-text-editor\" data-id=\"04ed7d7\" data-element_type=\"widget\" data-e-type=\"widget\" data-widget_type=\"text-editor.default\">\n\t\t\t\t<div class=\"elementor-widget-container\">\n\t\t\t\t\t\t\t\t\t<p><b>Dr Aleksei Andrianov<br \/><\/b>kirurgia<\/p>\t\t\t\t\t\t\t\t<\/div>\n\t\t\t\t<\/div>\n\t\t\t\t<\/div>\n\t\t\t\t<\/div>\n\t\t\t\t\t<\/div>\n\t\t\t\t<\/div>\n\t\t\t\t<\/div>\n\t\t","protected":false},"excerpt":{"rendered":"<p>Meist N\u00e4o-l\u00f5ualuukirurgia keskus avas oma uksed 2004. aastal, spetsialiseerides n\u00e4o- ja l\u00f5ualuupiirkonna haiguste ravile. T\u00e4naseks t\u00f6\u00f6tab meil 7 vilunud kirurgi, kes pakuvad k\u00f5rgetasemelist ravi tarkusehammaste eemaldamisest kuni keerukate l\u00f5ualuude rekonstruktsioonideni. Enamus meie keskuses t\u00f6\u00f6tavad arste ja \u00f5desid t\u00f6\u00f6tab paralleelselt ka PERH-i statsionaaris ning omavad aastak\u00fcmnete pikkust kogemust kirurgias, sealhulgas etten\u00e4gematute ja keerukate olukordade lahendamisel. Parima [&hellip;]<\/p>\n","protected":false},"author":1,"featured_media":0,"parent":0,"menu_order":0,"comment_status":"closed","ping_status":"closed","template":"","meta":{"footnotes":""},"class_list":["post-51","page","type-page","status-publish","hentry"],"_links":{"self":[{"href":"https:\/\/kirurgiakeskus.ee\/tst\/wp-json\/wp\/v2\/pages\/51","targetHints":{"allow":["GET"]}}],"collection":[{"href":"https:\/\/kirurgiakeskus.ee\/tst\/wp-json\/wp\/v2\/pages"}],"about":[{"href":"https:\/\/kirurgiakeskus.ee\/tst\/wp-json\/wp\/v2\/types\/page"}],"author":[{"embeddable":true,"href":"https:\/\/kirurgiakeskus.ee\/tst\/wp-json\/wp\/v2\/users\/1"}],"replies":[{"embeddable":true,"href":"https:\/\/kirurgiakeskus.ee\/tst\/wp-json\/wp\/v2\/comments?post=51"}],"version-history":[{"count":137,"href":"https:\/\/kirurgiakeskus.ee\/tst\/wp-json\/wp\/v2\/pages\/51\/revisions"}],"predecessor-version":[{"id":2451,"href":"https:\/\/kirurgiakeskus.ee\/tst\/wp-json\/wp\/v2\/pages\/51\/revisions\/2451"}],"wp:attachment":[{"href":"https:\/\/kirurgiakeskus.ee\/tst\/wp-json\/wp\/v2\/media?parent=51"}],"curies":[{"name":"wp","href":"https:\/\/api.w.org\/{rel}","templated":true}]}}