{"id":57,"date":"2025-03-10T10:00:13","date_gmt":"2025-03-10T08:00:13","guid":{"rendered":"https:\/\/kirurgiakeskus.ee\/tst\/?page_id=57"},"modified":"2025-04-16T12:31:10","modified_gmt":"2025-04-16T10:31:10","slug":"teenused","status":"publish","type":"page","link":"https:\/\/kirurgiakeskus.ee\/tst\/teenused\/","title":{"rendered":"Teenused"},"content":{"rendered":"\t\t<div data-elementor-type=\"wp-page\" data-elementor-id=\"57\" class=\"elementor elementor-57\" data-elementor-post-type=\"page\">\n\t\t\t\t<div class=\"elementor-element elementor-element-8e4e631 e-flex e-con-boxed e-con e-parent\" data-id=\"8e4e631\" data-element_type=\"container\" data-e-type=\"container\" data-settings=\"{&quot;background_background&quot;:&quot;classic&quot;}\">\n\t\t\t\t\t<div class=\"e-con-inner\">\n\t\t\t\t<div class=\"elementor-element elementor-element-b38f3bd elementor-widget elementor-widget-heading\" data-id=\"b38f3bd\" data-element_type=\"widget\" data-e-type=\"widget\" data-widget_type=\"heading.default\">\n\t\t\t\t<div class=\"elementor-widget-container\">\n\t\t\t\t\t<h1 class=\"elementor-heading-title elementor-size-default\">Teenused<\/h1>\t\t\t\t<\/div>\n\t\t\t\t<\/div>\n\t\t\t\t\t<\/div>\n\t\t\t\t<\/div>\n\t\t<div class=\"elementor-element elementor-element-258a27f e-flex e-con-boxed e-con e-parent\" data-id=\"258a27f\" data-element_type=\"container\" data-e-type=\"container\">\n\t\t\t\t\t<div class=\"e-con-inner\">\n\t\t<div class=\"elementor-element elementor-element-899eb32 e-con-full e-flex e-con e-child\" data-id=\"899eb32\" data-element_type=\"container\" data-e-type=\"container\">\n\t\t\t\t<div class=\"elementor-element elementor-element-3a512d7 elementor-widget__width-initial elementor-widget elementor-widget-text-editor\" data-id=\"3a512d7\" data-element_type=\"widget\" data-e-type=\"widget\" data-widget_type=\"text-editor.default\">\n\t\t\t\t<div class=\"elementor-widget-container\">\n\t\t\t\t\t\t\t\t\t<p>All on v\u00e4ljatoodud k\u00f5ige sagedasemad protseduurid.<\/p>\n<ul>\n<li><u><a href=\"https:\/\/kirurgiakeskus.ee\/tst\/stg2\/hammaste-ja-tarkusehamba-eemaldamine\/\">hammaste eemaldamine<\/a><\/u><\/li>\n<li><u><a href=\"https:\/\/kirurgiakeskus.ee\/tst\/stg2\/implantaadi-paigaldamine\/\">implantaatide paigaldamine<\/a><\/u><\/li>\n<li>suu\u00f5\u00f5ne kirurgia<\/li>\n<li style=\"font-size: 16px;\"><span style=\"background-color: transparent; color: var( --e-global-color-408fbfb ); font-family: var( --e-global-typography-777d76e-font-family ), Sans-serif; text-align: var(--text-align);\">luuplastika<\/span><\/li>\n<li style=\"font-size: 16px;\">s\u00fcljen\u00e4\u00e4rmekivi eemaldus<\/li>\n<li style=\"font-size: 16px;\">ts\u00fcstide ja kasvajate eemaldamine<\/li>\n<li>preproteetiline ja preortodontiline kirurgia (proteesimise eelsed l\u00f5ikused)<\/li>\n<li><span style=\"background-color: transparent; color: var( --e-global-color-408fbfb ); font-family: var( --e-global-typography-777d76e-font-family ), Sans-serif; text-align: var(--text-align);\">healoomuliste nahakasvajate ja s\u00fcnnim\u00e4rkide eemaldamine pea ja kaela piirkonnast<\/span><\/li>\n<\/ul>\n<p><span style=\"color: var( --e-global-color-408fbfb ); font-family: var( --e-global-typography-777d76e-font-family ), Sans-serif; font-size: var( --e-global-typography-777d76e-font-size ); text-align: var(--text-align);\">K\u00f5ik operatsioonid tehakse <b>valutult<\/b> ning n\u00e4idustuse puhul on v\u00f5imalik ka \u00fcldnarkoosis.<\/span><\/p>\n<p>Hindadega saab tutvuda <u><a href=\"https:\/\/kirurgiakeskus.ee\/tst\/stg2\/hinnakiri\/\">siin<\/a><\/u>.<\/p>\t\t\t\t\t\t\t\t<\/div>\n\t\t\t\t<\/div>\n\t\t<div class=\"elementor-element elementor-element-5aa52d5 e-con-full e-flex e-con e-child\" data-id=\"5aa52d5\" data-element_type=\"container\" data-e-type=\"container\" data-settings=\"{&quot;background_background&quot;:&quot;classic&quot;}\">\n\t\t\t\t<\/div>\n\t\t\t\t<\/div>\n\t\t\t\t\t<\/div>\n\t\t\t\t<\/div>\n\t\t<div class=\"elementor-element elementor-element-6865c1e animated-fast e-flex e-con-boxed e-con e-parent\" data-id=\"6865c1e\" data-element_type=\"container\" data-e-type=\"container\" data-settings=\"{&quot;animation&quot;:&quot;none&quot;}\">\n\t\t\t\t\t<div class=\"e-con-inner\">\n\t\t<div class=\"elementor-element elementor-element-28d56f1 e-con-full animated-fast e-flex elementor-invisible e-con e-child\" data-id=\"28d56f1\" data-element_type=\"container\" data-e-type=\"container\" data-settings=\"{&quot;animation&quot;:&quot;fadeIn&quot;}\">\n\t\t\t\t<div class=\"elementor-element elementor-element-c23cc68 elementor-widget elementor-widget-heading\" data-id=\"c23cc68\" data-element_type=\"widget\" data-e-type=\"widget\" data-widget_type=\"heading.default\">\n\t\t\t\t<div class=\"elementor-widget-container\">\n\t\t\t\t\t<h2 class=\"elementor-heading-title elementor-size-default\">Vajatud teenus pole nimekirjas?<\/h2>\t\t\t\t<\/div>\n\t\t\t\t<\/div>\n\t\t\t\t<div class=\"elementor-element elementor-element-8cc6f6c elementor-widget elementor-widget-text-editor\" data-id=\"8cc6f6c\" data-element_type=\"widget\" data-e-type=\"widget\" data-widget_type=\"text-editor.default\">\n\t\t\t\t<div class=\"elementor-widget-container\">\n\t\t\t\t\t\t\t\t\t<p>Kirjutage meile oma murest ja selgitame v\u00e4lja, kas saame teid aidata. Vajaduse korral suuname teid \u00f5ige asutusega \u00fchendust v\u00f5tma.<\/p><p>Kirjutage meile <a href=\"mailto:info@kirurgiakeskus.ee\"><u>info@kirurgiakeskus.ee<\/u><\/a> v\u00f5i helistage numbrile <a href=\"http:\/\/tel:+3726543031\"><u>654 3031<\/u><\/a>. V\u00f5ite ka kasutada kontaktivormi lehel <a href=\"https:\/\/kirurgiakeskus.ee\/tst\/stg2\/kontakt\"><u>Kontakt<\/u><\/a>.<\/p>\t\t\t\t\t\t\t\t<\/div>\n\t\t\t\t<\/div>\n\t\t\t\t<\/div>\n\t\t<div class=\"elementor-element elementor-element-912050a e-con-full animated-fast e-flex elementor-invisible e-con e-child\" data-id=\"912050a\" data-element_type=\"container\" data-e-type=\"container\" data-settings=\"{&quot;animation&quot;:&quot;fadeIn&quot;}\">\n\t\t\t\t<div class=\"elementor-element elementor-element-9c1b66d elementor-widget elementor-widget-heading\" data-id=\"9c1b66d\" data-element_type=\"widget\" data-e-type=\"widget\" data-widget_type=\"heading.default\">\n\t\t\t\t<div class=\"elementor-widget-container\">\n\t\t\t\t\t<h2 class=\"elementor-heading-title elementor-size-default\">Erakorraline<\/h2>\t\t\t\t<\/div>\n\t\t\t\t<\/div>\n\t\t\t\t<div class=\"elementor-element elementor-element-aadae6f elementor-widget elementor-widget-text-editor\" data-id=\"aadae6f\" data-element_type=\"widget\" data-e-type=\"widget\" data-widget_type=\"text-editor.default\">\n\t\t\t\t<div class=\"elementor-widget-container\">\n\t\t\t\t\t\t\t\t\t<p>Erakorralistele haigetele pakume <strong>v\u00f5imaluse korral<\/strong> abi kliiniku lahtiolekuaegadel. Palume patsientidel <strong>ette helistada<\/strong> ja arvestada v\u00f5imaliku ooteajaga.<\/p>\t\t\t\t\t\t\t\t<\/div>\n\t\t\t\t<\/div>\n\t\t\t\t<\/div>\n\t\t\t\t\t<\/div>\n\t\t\t\t<\/div>\n\t\t<div class=\"elementor-element elementor-element-7b0c128 e-flex e-con-boxed e-con e-parent\" data-id=\"7b0c128\" data-element_type=\"container\" data-e-type=\"container\">\n\t\t\t\t\t<div class=\"e-con-inner\">\n\t\t<div class=\"elementor-element elementor-element-6debc1f e-con-full animated-fast e-flex elementor-invisible e-con e-child\" data-id=\"6debc1f\" data-element_type=\"container\" data-e-type=\"container\" data-settings=\"{&quot;background_background&quot;:&quot;classic&quot;,&quot;animation&quot;:&quot;fadeIn&quot;}\">\n\t\t\t\t<div class=\"elementor-element elementor-element-0e317dd elementor-widget elementor-widget-heading\" data-id=\"0e317dd\" data-element_type=\"widget\" data-e-type=\"widget\" data-widget_type=\"heading.default\">\n\t\t\t\t<div class=\"elementor-widget-container\">\n\t\t\t\t\t<h2 class=\"elementor-heading-title elementor-size-default\">Tervisekassa partner<\/h2>\t\t\t\t<\/div>\n\t\t\t\t<\/div>\n\t\t\t\t<div class=\"elementor-element elementor-element-1f629ba elementor-widget elementor-widget-text-editor\" data-id=\"1f629ba\" data-element_type=\"widget\" data-e-type=\"widget\" data-widget_type=\"text-editor.default\">\n\t\t\t\t<div class=\"elementor-widget-container\">\n\t\t\t\t\t\t\t\t\t<p>Oleme Tervisekassa lepingupartner suu-, n\u00e4o- ja l\u00f5ualuude kirurgiliste protseduuride teostamiseks. Tervisekassa poolse finantseerimise saamiseks on vajalik pere- v\u00f5i hambaarsti saatekiri, osutatavad teenused peavad olema Tervisekassa poolt finantseeritavate teenuste loetelus ning vastama Tervisekassa esitatavatele finantseerimise tingimustele.&nbsp;<\/p><p>Tervisekassa poolt finantseeritavate teenuste puhul rakendub esmase visiidi tasu, v.a kui inimene suunatakse sama raviasutuse teise tervishoiut\u00f6\u00f6taja juurde, rasedatelt, alla kaheaastastelt lastelt.<\/p><p>Tervisekassa loetelusse mitte kuuluvate v\u00f5i finantseerimise tingimustele mitte vastavate teenuste osutamise korral rakendub visiiditasu vastavalt kehtestatud hinnakirjale. Visiiditasule v\u00f5ib lisanduda tasuliste protseduuride maksumus.<\/p>\t\t\t\t\t\t\t\t<\/div>\n\t\t\t\t<\/div>\n\t\t\t\t<\/div>\n\t\t<div class=\"elementor-element elementor-element-0e7e316 e-con-full animated-fast e-flex elementor-invisible e-con e-child\" data-id=\"0e7e316\" data-element_type=\"container\" data-e-type=\"container\" data-settings=\"{&quot;background_background&quot;:&quot;classic&quot;,&quot;animation&quot;:&quot;fadeIn&quot;}\">\n\t\t\t\t<div class=\"elementor-element elementor-element-0464e35 elementor-widget elementor-widget-heading\" data-id=\"0464e35\" data-element_type=\"widget\" data-e-type=\"widget\" data-widget_type=\"heading.default\">\n\t\t\t\t<div class=\"elementor-widget-container\">\n\t\t\t\t\t<h2 class=\"elementor-heading-title elementor-size-default\">Ravij\u00e4rjekorra pidamine<\/h2>\t\t\t\t<\/div>\n\t\t\t\t<\/div>\n\t\t\t\t<div class=\"elementor-element elementor-element-c0de359 elementor-widget elementor-widget-text-editor\" data-id=\"c0de359\" data-element_type=\"widget\" data-e-type=\"widget\" data-widget_type=\"text-editor.default\">\n\t\t\t\t<div class=\"elementor-widget-container\">\n\t\t\t\t\t\t\t\t\t<p>Ravij\u00e4rjekorra pidamise n\u00f5uete aluseks on Tervise- ja t\u00f6\u00f6ministri m\u00e4\u00e4rus nr 73 (27.12.2018) Tervishoiuteenuste k\u00e4ttesaadavuse ja ravij\u00e4rjekorra pidamise n\u00f5uded. Ravij\u00e4rjekorda peetakse meditsiinitarkvaras Perearst 2 (Medisoft).<\/p>\n<p>Patsientide ravij\u00e4rjekorda registreerimine on digisaatekirja alusel tagatud \u00fcleriigilises digiregistratuuris (<a href=\"https:\/\/www.veebiregistratuur.ee\/117\/\" target=\"_blank\" rel=\"noopener\"><u>Veebiregistratuuris<\/u><\/a> v\u00f5i <a href=\"https:\/\/www.terviseportaal.ee\/\" target=\"_blank\" rel=\"noopener\"><u>Terviseportaalis<\/u><\/a>), pabersaatekirja puhul kliiniku t\u00f6\u00f6aja jooksul telefoni teel.<\/p>\t\t\t\t\t\t\t\t<\/div>\n\t\t\t\t<\/div>\n\t\t\t\t<\/div>\n\t\t\t\t\t<\/div>\n\t\t\t\t<\/div>\n\t\t<div class=\"elementor-element elementor-element-c48001f animated-fast e-flex e-con-boxed elementor-invisible e-con e-parent\" data-id=\"c48001f\" data-element_type=\"container\" data-e-type=\"container\" data-settings=\"{&quot;animation&quot;:&quot;fadeIn&quot;}\">\n\t\t\t\t\t<div class=\"e-con-inner\">\n\t\t\t\t<div class=\"elementor-element elementor-element-237c5db elementor-widget elementor-widget-image\" data-id=\"237c5db\" data-element_type=\"widget\" data-e-type=\"widget\" data-widget_type=\"image.default\">\n\t\t\t\t<div class=\"elementor-widget-container\">\n\t\t\t\t\t\t\t\t\t\t\t\t\t\t\t<img fetchpriority=\"high\" decoding=\"async\" width=\"1300\" height=\"464\" src=\"https:\/\/kirurgiakeskus.ee\/tst\/wp-content\/uploads\/2025\/03\/hammaste-eemaldamise-konsultatsioon.webp\" class=\"attachment-full size-full wp-image-1416\" alt=\"hammaste eemaldamise konsultatsioon\" srcset=\"https:\/\/kirurgiakeskus.ee\/tst\/wp-content\/uploads\/2025\/03\/hammaste-eemaldamise-konsultatsioon.webp 1300w, https:\/\/kirurgiakeskus.ee\/tst\/wp-content\/uploads\/2025\/03\/hammaste-eemaldamise-konsultatsioon-300x107.webp 300w, https:\/\/kirurgiakeskus.ee\/tst\/wp-content\/uploads\/2025\/03\/hammaste-eemaldamise-konsultatsioon-1024x365.webp 1024w, https:\/\/kirurgiakeskus.ee\/tst\/wp-content\/uploads\/2025\/03\/hammaste-eemaldamise-konsultatsioon-768x274.webp 768w\" sizes=\"(max-width: 1300px) 100vw, 1300px\" \/>\t\t\t\t\t\t\t\t\t\t\t\t\t\t\t<\/div>\n\t\t\t\t<\/div>\n\t\t\t\t\t<\/div>\n\t\t\t\t<\/div>\n\t\t\t\t<\/div>\n\t\t","protected":false},"excerpt":{"rendered":"<p>Teenused All on v\u00e4ljatoodud k\u00f5ige sagedasemad protseduurid. hammaste eemaldamine implantaatide paigaldamine suu\u00f5\u00f5ne kirurgia luuplastika s\u00fcljen\u00e4\u00e4rmekivi eemaldus ts\u00fcstide ja kasvajate eemaldamine preproteetiline ja preortodontiline kirurgia (proteesimise eelsed l\u00f5ikused) healoomuliste nahakasvajate ja s\u00fcnnim\u00e4rkide eemaldamine pea ja kaela piirkonnast K\u00f5ik operatsioonid tehakse valutult ning n\u00e4idustuse puhul on v\u00f5imalik ka \u00fcldnarkoosis. Hindadega saab tutvuda siin. Vajatud teenus pole nimekirjas? [&hellip;]<\/p>\n","protected":false},"author":1,"featured_media":0,"parent":0,"menu_order":0,"comment_status":"closed","ping_status":"closed","template":"","meta":{"footnotes":""},"class_list":["post-57","page","type-page","status-publish","hentry"],"_links":{"self":[{"href":"https:\/\/kirurgiakeskus.ee\/tst\/wp-json\/wp\/v2\/pages\/57","targetHints":{"allow":["GET"]}}],"collection":[{"href":"https:\/\/kirurgiakeskus.ee\/tst\/wp-json\/wp\/v2\/pages"}],"about":[{"href":"https:\/\/kirurgiakeskus.ee\/tst\/wp-json\/wp\/v2\/types\/page"}],"author":[{"embeddable":true,"href":"https:\/\/kirurgiakeskus.ee\/tst\/wp-json\/wp\/v2\/users\/1"}],"replies":[{"embeddable":true,"href":"https:\/\/kirurgiakeskus.ee\/tst\/wp-json\/wp\/v2\/comments?post=57"}],"version-history":[{"count":107,"href":"https:\/\/kirurgiakeskus.ee\/tst\/wp-json\/wp\/v2\/pages\/57\/revisions"}],"predecessor-version":[{"id":2373,"href":"https:\/\/kirurgiakeskus.ee\/tst\/wp-json\/wp\/v2\/pages\/57\/revisions\/2373"}],"wp:attachment":[{"href":"https:\/\/kirurgiakeskus.ee\/tst\/wp-json\/wp\/v2\/media?parent=57"}],"curies":[{"name":"wp","href":"https:\/\/api.w.org\/{rel}","templated":true}]}}