{"id":68,"date":"2025-03-10T10:03:39","date_gmt":"2025-03-10T08:03:39","guid":{"rendered":"https:\/\/kirurgiakeskus.ee\/tst\/?page_id=68"},"modified":"2025-09-17T10:53:06","modified_gmt":"2025-09-17T08:53:06","slug":"hammaste-ja-tarkusehamba-eemaldamine","status":"publish","type":"page","link":"https:\/\/kirurgiakeskus.ee\/tst\/hammaste-ja-tarkusehamba-eemaldamine\/","title":{"rendered":"Hammaste ja tarkusehamba eemaldamine"},"content":{"rendered":"\t\t<div data-elementor-type=\"wp-page\" data-elementor-id=\"68\" class=\"elementor elementor-68\" data-elementor-post-type=\"page\">\n\t\t\t\t<div class=\"elementor-element elementor-element-467b222 e-flex e-con-boxed e-con e-parent\" data-id=\"467b222\" data-element_type=\"container\" data-e-type=\"container\">\n\t\t\t\t\t<div class=\"e-con-inner\">\n\t\t\t\t<div class=\"elementor-element elementor-element-12d2aa9 elementor-widget__width-inherit elementor-widget elementor-widget-heading\" data-id=\"12d2aa9\" data-element_type=\"widget\" data-e-type=\"widget\" data-widget_type=\"heading.default\">\n\t\t\t\t<div class=\"elementor-widget-container\">\n\t\t\t\t\t<h1 class=\"elementor-heading-title elementor-size-default\">Hammaste ja tarkusehamba eemaldamine<\/h1>\t\t\t\t<\/div>\n\t\t\t\t<\/div>\n\t\t\t\t\t<\/div>\n\t\t\t\t<\/div>\n\t\t<div class=\"elementor-element elementor-element-ae3891e e-flex e-con-boxed e-con e-parent\" data-id=\"ae3891e\" data-element_type=\"container\" data-e-type=\"container\">\n\t\t\t\t\t<div class=\"e-con-inner\">\n\t\t<div class=\"elementor-element elementor-element-b7b2cc4 e-con-full e-flex e-con e-child\" data-id=\"b7b2cc4\" data-element_type=\"container\" data-e-type=\"container\">\n\t\t\t\t<div class=\"elementor-element elementor-element-09fa792 elementor-widget elementor-widget-text-editor\" data-id=\"09fa792\" data-element_type=\"widget\" data-e-type=\"widget\" data-widget_type=\"text-editor.default\">\n\t\t\t\t<div class=\"elementor-widget-container\">\n\t\t\t\t\t\t\t\t\t<p><strong>Eemaldame hamba, kui see p\u00f5hjustab probleeme suu tervisele. P\u00f5hjuseks v\u00f5ib olla ulatuslik lagunemine, infektsioon, tarkusehamba valestiasetus v\u00f5i ortodontiline vajadus.<\/strong><\/p><p>Kui hambaarst on soovitanud patsiendil kirurgi poole p\u00f6\u00f6rduda, tasuks tema s\u00f5nu t\u00f5siselt v\u00f5tta. N\u00e4iteks, kui hambaarst soovitab p\u00f5letikule kalduvad <strong>tarkusehambad<\/strong> eemaldada lasta, siis pole see soovitus asjatu: neelu k\u00f5rval paiknevatest tarkusehammastest v\u00f5ib infektsioon kergesti edasi levida ning sageli ongi targem need eemaldada.<\/p>\t\t\t\t\t\t\t\t<\/div>\n\t\t\t\t<\/div>\n\t\t\t\t<\/div>\n\t\t<div class=\"elementor-element elementor-element-4fcc830 e-con-full e-flex e-con e-child\" data-id=\"4fcc830\" data-element_type=\"container\" data-e-type=\"container\">\n\t\t\t\t<div class=\"elementor-element elementor-element-f36183c elementor-widget elementor-widget-heading\" data-id=\"f36183c\" data-element_type=\"widget\" data-e-type=\"widget\" data-widget_type=\"heading.default\">\n\t\t\t\t<div class=\"elementor-widget-container\">\n\t\t\t\t\t<h1 class=\"elementor-heading-title elementor-size-default\">Milliseid hambaid eemaldame?<\/h1>\t\t\t\t<\/div>\n\t\t\t\t<\/div>\n\t\t\t\t<div class=\"elementor-element elementor-element-9e47942 elementor-widget elementor-widget-text-editor\" data-id=\"9e47942\" data-element_type=\"widget\" data-e-type=\"widget\" data-widget_type=\"text-editor.default\">\n\t\t\t\t<div class=\"elementor-widget-container\">\n\t\t\t\t\t\t\t\t\t<ul><li>piimahamba eemaldamine<\/li><li>liikuva hamba eemaldamine<\/li><li>hamba eemaldamine (\u00fchejuureline)<\/li><li>hamba eemaldamine (mitmejuureline)<\/li><li>l\u00f5ualuus peetunud tarkusehamba eemaldamine<\/li><li>hamba at\u00fc\u00fcpiline eemaldamine<\/li><\/ul>\t\t\t\t\t\t\t\t<\/div>\n\t\t\t\t<\/div>\n\t\t\t\t<\/div>\n\t\t\t\t\t<\/div>\n\t\t\t\t<\/div>\n\t\t<div class=\"elementor-element elementor-element-4b35b30 e-flex e-con-boxed e-con e-parent\" data-id=\"4b35b30\" data-element_type=\"container\" data-e-type=\"container\">\n\t\t\t\t\t<div class=\"e-con-inner\">\n\t\t<div class=\"elementor-element elementor-element-57f6ddd e-con-full animated-fast e-flex elementor-invisible e-con e-child\" data-id=\"57f6ddd\" data-element_type=\"container\" data-e-type=\"container\" data-settings=\"{&quot;animation&quot;:&quot;fadeIn&quot;}\">\n\t\t\t\t<div class=\"elementor-element elementor-element-aa1aac2 elementor-widget elementor-widget-image\" data-id=\"aa1aac2\" data-element_type=\"widget\" data-e-type=\"widget\" data-widget_type=\"image.default\">\n\t\t\t\t<div class=\"elementor-widget-container\">\n\t\t\t\t\t\t\t\t\t\t\t\t\t\t\t<img fetchpriority=\"high\" decoding=\"async\" width=\"700\" height=\"406\" src=\"https:\/\/kirurgiakeskus.ee\/tst\/wp-content\/uploads\/2025\/03\/peetunud-tarkusehambad.webp\" class=\"attachment-full size-full wp-image-1391\" alt=\"peetunud tarkusehambad\" srcset=\"https:\/\/kirurgiakeskus.ee\/tst\/wp-content\/uploads\/2025\/03\/peetunud-tarkusehambad.webp 700w, https:\/\/kirurgiakeskus.ee\/tst\/wp-content\/uploads\/2025\/03\/peetunud-tarkusehambad-300x174.webp 300w\" sizes=\"(max-width: 700px) 100vw, 700px\" \/>\t\t\t\t\t\t\t\t\t\t\t\t\t\t\t<\/div>\n\t\t\t\t<\/div>\n\t\t\t\t<div class=\"elementor-element elementor-element-d47a369 elementor-widget elementor-widget-heading\" data-id=\"d47a369\" data-element_type=\"widget\" data-e-type=\"widget\" data-widget_type=\"heading.default\">\n\t\t\t\t<div class=\"elementor-widget-container\">\n\t\t\t\t\t<h1 class=\"elementor-heading-title elementor-size-default\">Tarkusehamba eemaldamine<\/h1>\t\t\t\t<\/div>\n\t\t\t\t<\/div>\n\t\t\t\t<div class=\"elementor-element elementor-element-9b4eacd elementor-widget elementor-widget-text-editor\" data-id=\"9b4eacd\" data-element_type=\"widget\" data-e-type=\"widget\" data-widget_type=\"text-editor.default\">\n\t\t\t\t<div class=\"elementor-widget-container\">\n\t\t\t\t\t\t\t\t\t<p>Tarkusehamba v\u00e4ljat\u00f5mbamine&nbsp; on levinud protseduur, mida tehakse juhul, kui hammas ei mahu korralikult suhu, p\u00f5hjustab valu, p\u00f5letikku v\u00f5i m\u00f5jutab teisi hambaid.<\/p>\n<p>Protseduur viiakse l\u00e4bi kohaliku tuimestusega ning vajadusel tehakse sissel\u00f5ige igemesse, et hammas ohutult eemaldada.<\/p>\n<p>Paranemine kestab tavaliselt m\u00f5ned p\u00e4evad kuni paar n\u00e4dalat, mille jooksul tuleb j\u00e4rgida arsti juhiseid turse ja ebamugavustunde v\u00e4hendamiseks.<\/p>\n<p>Peetunud tarkusehamba v\u00e4ljat\u00f5mbamise kulud katab <b>saatekirja olemasolul<\/b> Tervisekassa.<\/p>\t\t\t\t\t\t\t\t<\/div>\n\t\t\t\t<\/div>\n\t\t\t\t<\/div>\n\t\t<div class=\"elementor-element elementor-element-01f9e54 e-con-full animated-fast e-flex elementor-invisible e-con e-child\" data-id=\"01f9e54\" data-element_type=\"container\" data-e-type=\"container\" data-settings=\"{&quot;animation&quot;:&quot;fadeIn&quot;}\">\n\t\t\t\t<div class=\"elementor-element elementor-element-786ede8 elementor-widget elementor-widget-heading\" data-id=\"786ede8\" data-element_type=\"widget\" data-e-type=\"widget\" data-widget_type=\"heading.default\">\n\t\t\t\t<div class=\"elementor-widget-container\">\n\t\t\t\t\t<h1 class=\"elementor-heading-title elementor-size-default\">Mida teha peale hamba\nv\u00e4ljat\u00f5mbamist?<\/h1>\t\t\t\t<\/div>\n\t\t\t\t<\/div>\n\t\t\t\t<div class=\"elementor-element elementor-element-e73f273 elementor-widget elementor-widget-text-editor\" data-id=\"e73f273\" data-element_type=\"widget\" data-e-type=\"widget\" data-widget_type=\"text-editor.default\">\n\t\t\t\t<div class=\"elementor-widget-container\">\n\t\t\t\t\t\t\t\t\t<p>P\u00e4rast hamba eemaldamist on oluline j\u00e4rgida arsti juhiseid, et tagada kiire ja sujuv paranemine. Valu ja turset saab v\u00e4hendada k\u00fclmakompresside ning arsti soovitatud valuvaigistitega.<\/p>\t\t\t\t\t\t\t\t<\/div>\n\t\t\t\t<\/div>\n\t\t\t\t<div class=\"elementor-element elementor-element-aaf4d2e elementor-widget elementor-widget-heading\" data-id=\"aaf4d2e\" data-element_type=\"widget\" data-e-type=\"widget\" data-widget_type=\"heading.default\">\n\t\t\t\t<div class=\"elementor-widget-container\">\n\t\t\t\t\t<h1 class=\"elementor-heading-title elementor-size-default\">Kas hamba v\u00e4ljat\u00f5mbamine on\nvalus?<\/h1>\t\t\t\t<\/div>\n\t\t\t\t<\/div>\n\t\t\t\t<div class=\"elementor-element elementor-element-2bb46ce elementor-widget elementor-widget-text-editor\" data-id=\"2bb46ce\" data-element_type=\"widget\" data-e-type=\"widget\" data-widget_type=\"text-editor.default\">\n\t\t\t\t<div class=\"elementor-widget-container\">\n\t\t\t\t\t\t\t\t\t<p>Hamba v\u00e4ljat\u00f5mbamine tehakse <strong>valutult<\/strong> kohaliku toimestusega. N\u00e4idustuste puhul saame protseduuri l\u00e4bi viia ka narkoosis.<\/p>\t\t\t\t\t\t\t\t<\/div>\n\t\t\t\t<\/div>\n\t\t\t\t<\/div>\n\t\t\t\t\t<\/div>\n\t\t\t\t<\/div>\n\t\t<div class=\"elementor-element elementor-element-b7274c6 animated-fast e-flex e-con-boxed elementor-invisible e-con e-parent\" data-id=\"b7274c6\" data-element_type=\"container\" data-e-type=\"container\" data-settings=\"{&quot;background_background&quot;:&quot;classic&quot;,&quot;animation&quot;:&quot;fadeIn&quot;}\">\n\t\t\t\t\t<div class=\"e-con-inner\">\n\t\t<div class=\"elementor-element elementor-element-2f56a4f e-con-full e-flex e-con e-child\" data-id=\"2f56a4f\" data-element_type=\"container\" data-e-type=\"container\">\n\t\t\t\t<div class=\"elementor-element elementor-element-c43152b elementor-widget elementor-widget-heading\" data-id=\"c43152b\" data-element_type=\"widget\" data-e-type=\"widget\" data-widget_type=\"heading.default\">\n\t\t\t\t<div class=\"elementor-widget-container\">\n\t\t\t\t\t<h2 class=\"elementor-heading-title elementor-size-default\">Tule konsultatsioonile<\/h2>\t\t\t\t<\/div>\n\t\t\t\t<\/div>\n\t\t\t\t<div class=\"elementor-element elementor-element-75f2646 elementor-widget elementor-widget-text-editor\" data-id=\"75f2646\" data-element_type=\"widget\" data-e-type=\"widget\" data-widget_type=\"text-editor.default\">\n\t\t\t\t<div class=\"elementor-widget-container\">\n\t\t\t\t\t\t\t\t\t<p>Meie spetsialist hindab sinu hammaste tervist, teeb vajadusel r\u00f6ntgenuuringu ning selgitab protseduuri kulgu ja taastumiseks vajalikke samme.<\/p>\t\t\t\t\t\t\t\t<\/div>\n\t\t\t\t<\/div>\n\t\t\t\t<\/div>\n\t\t<div class=\"elementor-element elementor-element-463c6d9 e-con-full e-flex e-con e-child\" data-id=\"463c6d9\" data-element_type=\"container\" data-e-type=\"container\">\n\t\t\t\t<div class=\"elementor-element elementor-element-fe22e15 elementor-widget elementor-widget-heading\" data-id=\"fe22e15\" data-element_type=\"widget\" data-e-type=\"widget\" data-widget_type=\"heading.default\">\n\t\t\t\t<div class=\"elementor-widget-container\">\n\t\t\t\t\t<h2 class=\"elementor-heading-title elementor-size-default\">Konsultatsioon 50\u20ac<\/h2>\t\t\t\t<\/div>\n\t\t\t\t<\/div>\n\t\t\t\t<div class=\"elementor-element elementor-element-428b35f elementor-widget elementor-widget-button\" data-id=\"428b35f\" data-element_type=\"widget\" data-e-type=\"widget\" data-widget_type=\"button.default\">\n\t\t\t\t<div class=\"elementor-widget-container\">\n\t\t\t\t\t\t\t\t\t<div class=\"elementor-button-wrapper\">\n\t\t\t\t\t<a class=\"elementor-button elementor-button-link elementor-size-sm\" href=\"https:\/\/kirurgiakeskus.ee\/tst\/broneeri-aeg\/\" id=\"hammaste_eem_bron\">\n\t\t\t\t\t\t<span class=\"elementor-button-content-wrapper\">\n\t\t\t\t\t\t\t\t\t<span class=\"elementor-button-text\">BRONEERI AEG<\/span>\n\t\t\t\t\t<\/span>\n\t\t\t\t\t<\/a>\n\t\t\t\t<\/div>\n\t\t\t\t\t\t\t\t<\/div>\n\t\t\t\t<\/div>\n\t\t\t\t<\/div>\n\t\t\t\t\t<\/div>\n\t\t\t\t<\/div>\n\t\t\t\t<\/div>\n\t\t","protected":false},"excerpt":{"rendered":"<p>Hammaste ja tarkusehamba eemaldamine Eemaldame hamba, kui see p\u00f5hjustab probleeme suu tervisele. P\u00f5hjuseks v\u00f5ib olla ulatuslik lagunemine, infektsioon, tarkusehamba valestiasetus v\u00f5i ortodontiline vajadus. Kui hambaarst on soovitanud patsiendil kirurgi poole p\u00f6\u00f6rduda, tasuks tema s\u00f5nu t\u00f5siselt v\u00f5tta. N\u00e4iteks, kui hambaarst soovitab p\u00f5letikule kalduvad tarkusehambad eemaldada lasta, siis pole see soovitus asjatu: neelu k\u00f5rval paiknevatest tarkusehammastest v\u00f5ib [&hellip;]<\/p>\n","protected":false},"author":1,"featured_media":0,"parent":0,"menu_order":0,"comment_status":"closed","ping_status":"closed","template":"","meta":{"footnotes":""},"class_list":["post-68","page","type-page","status-publish","hentry"],"_links":{"self":[{"href":"https:\/\/kirurgiakeskus.ee\/tst\/wp-json\/wp\/v2\/pages\/68","targetHints":{"allow":["GET"]}}],"collection":[{"href":"https:\/\/kirurgiakeskus.ee\/tst\/wp-json\/wp\/v2\/pages"}],"about":[{"href":"https:\/\/kirurgiakeskus.ee\/tst\/wp-json\/wp\/v2\/types\/page"}],"author":[{"embeddable":true,"href":"https:\/\/kirurgiakeskus.ee\/tst\/wp-json\/wp\/v2\/users\/1"}],"replies":[{"embeddable":true,"href":"https:\/\/kirurgiakeskus.ee\/tst\/wp-json\/wp\/v2\/comments?post=68"}],"version-history":[{"count":82,"href":"https:\/\/kirurgiakeskus.ee\/tst\/wp-json\/wp\/v2\/pages\/68\/revisions"}],"predecessor-version":[{"id":2494,"href":"https:\/\/kirurgiakeskus.ee\/tst\/wp-json\/wp\/v2\/pages\/68\/revisions\/2494"}],"wp:attachment":[{"href":"https:\/\/kirurgiakeskus.ee\/tst\/wp-json\/wp\/v2\/media?parent=68"}],"curies":[{"name":"wp","href":"https:\/\/api.w.org\/{rel}","templated":true}]}}