{"id":71,"date":"2025-03-10T10:03:52","date_gmt":"2025-03-10T08:03:52","guid":{"rendered":"https:\/\/kirurgiakeskus.ee\/tst\/?page_id=71"},"modified":"2025-04-10T13:39:14","modified_gmt":"2025-04-10T11:39:14","slug":"implantaadi-paigaldamine","status":"publish","type":"page","link":"https:\/\/kirurgiakeskus.ee\/tst\/implantaadi-paigaldamine\/","title":{"rendered":"Implantaadi paigaldamine"},"content":{"rendered":"\t\t<div data-elementor-type=\"wp-page\" data-elementor-id=\"71\" class=\"elementor elementor-71\" data-elementor-post-type=\"page\">\n\t\t\t\t<div class=\"elementor-element elementor-element-d87e809 e-flex e-con-boxed e-con e-parent\" data-id=\"d87e809\" data-element_type=\"container\" data-e-type=\"container\">\n\t\t\t\t\t<div class=\"e-con-inner\">\n\t\t\t\t<div class=\"elementor-element elementor-element-04cf5a1 elementor-widget__width-inherit elementor-widget elementor-widget-heading\" data-id=\"04cf5a1\" data-element_type=\"widget\" data-e-type=\"widget\" data-widget_type=\"heading.default\">\n\t\t\t\t<div class=\"elementor-widget-container\">\n\t\t\t\t\t<h1 class=\"elementor-heading-title elementor-size-default\">Implantaadi paigaldamine<\/h1>\t\t\t\t<\/div>\n\t\t\t\t<\/div>\n\t\t\t\t\t<\/div>\n\t\t\t\t<\/div>\n\t\t<div class=\"elementor-element elementor-element-a136787 e-flex e-con-boxed e-con e-parent\" data-id=\"a136787\" data-element_type=\"container\" data-e-type=\"container\">\n\t\t\t\t\t<div class=\"e-con-inner\">\n\t\t\t\t<div class=\"elementor-element elementor-element-54c3578 elementor-hidden-mobile elementor-widget elementor-widget-text-editor\" data-id=\"54c3578\" data-element_type=\"widget\" data-e-type=\"widget\" data-widget_type=\"text-editor.default\">\n\t\t\t\t<div class=\"elementor-widget-container\">\n\t\t\t\t\t\t\t\t\t<img decoding=\"async\" class=\"alignright wp-image-236\" style=\"border-radius: 20px; box-shadow: 0px 0px 10px rgba(31, 15, 59, 0.15);\" src=\"https:\/\/kirurgiakeskus.ee\/tst\/stg\/wp-content\/uploads\/2025\/03\/implantaat.jpg\" alt=\"\" width=\"50%\" height=\"auto\" srcset=\"https:\/\/kirurgiakeskus.ee\/tst\/wp-content\/uploads\/2025\/03\/implantaat.jpg 1000w, https:\/\/kirurgiakeskus.ee\/tst\/wp-content\/uploads\/2025\/03\/implantaat-300x242.jpg 300w, https:\/\/kirurgiakeskus.ee\/tst\/wp-content\/uploads\/2025\/03\/implantaat-768x619.jpg 768w\" sizes=\"(max-width: 1000px) 100vw, 1000px\" \/><b>T\u00e4nap\u00e4eval ei t\u00e4henda hamba kaotus enam seda, et selleta tuleb l\u00e4bi ajada kogu \u00fclej\u00e4\u00e4nud elu. Kirurgid suudavad hamba asendada, paigutades l\u00f5ualuusse spetsiaalse posti ehk hambaimplantaadi, mille peale seej\u00e4rel keraamilistest materjalidest hammas ehitatakse.<\/b>\n\nImplantaatide paigaldamise puhul saavad kirurgiakeskuses abi ka keerulisemat laadi juhtumitega patsiendid: n\u00e4iteks, kui patsiendil on trauma tagaj\u00e4rjel l\u00f5ualuu viga saanud ja implantaadi paigaldamiseks on vaja teha luusiirdamist. Inimene saab omale kaotatud hamba(d) ja seega ka parema v\u00e4limuse tagasi. Implantaadi abil hamba asendamine on k\u00f5ige kaasaegsem ja loomulikum hamba taastamise viis, samuti peab implantaat v\u00f5rreldes n\u00e4iteks sildproteeside kaua vastu.\n\nImplantaatide paiguldamine on piisavalt keerukas operatsioon. Seega on v\u00f5imalik edu tagada vaid k\u00f5rge kvalifikatsiooniga ja l\u00f5ikuseks ette n\u00e4htud tingimustele vastavas kliinikus. V\u00e4ltima peaks hambaraviasutusi, mille t\u00f6\u00f6tajate kvalifikatsioon, aparatuur ja operatsioonitoad ei vasta n\u00f5uetele.\t\t\t\t\t\t\t\t<\/div>\n\t\t\t\t<\/div>\n\t\t<div class=\"elementor-element elementor-element-8959f45 e-con-full elementor-hidden-desktop elementor-hidden-tablet e-flex e-con e-child\" data-id=\"8959f45\" data-element_type=\"container\" data-e-type=\"container\">\n\t\t\t\t<div class=\"elementor-element elementor-element-3b94703 elementor-widget elementor-widget-image\" data-id=\"3b94703\" data-element_type=\"widget\" data-e-type=\"widget\" data-widget_type=\"image.default\">\n\t\t\t\t<div class=\"elementor-widget-container\">\n\t\t\t\t\t\t\t\t\t\t\t\t\t\t\t<img fetchpriority=\"high\" decoding=\"async\" width=\"800\" height=\"645\" src=\"https:\/\/kirurgiakeskus.ee\/tst\/wp-content\/uploads\/2025\/03\/implantaat.jpg\" class=\"attachment-large size-large wp-image-236\" alt=\"\" srcset=\"https:\/\/kirurgiakeskus.ee\/tst\/wp-content\/uploads\/2025\/03\/implantaat.jpg 1000w, https:\/\/kirurgiakeskus.ee\/tst\/wp-content\/uploads\/2025\/03\/implantaat-300x242.jpg 300w, https:\/\/kirurgiakeskus.ee\/tst\/wp-content\/uploads\/2025\/03\/implantaat-768x619.jpg 768w\" sizes=\"(max-width: 800px) 100vw, 800px\" \/>\t\t\t\t\t\t\t\t\t\t\t\t\t\t\t<\/div>\n\t\t\t\t<\/div>\n\t\t\t\t<\/div>\n\t\t<div class=\"elementor-element elementor-element-049f8f6 e-con-full elementor-hidden-desktop elementor-hidden-tablet e-flex e-con e-child\" data-id=\"049f8f6\" data-element_type=\"container\" data-e-type=\"container\">\n\t\t\t\t<div class=\"elementor-element elementor-element-bed4550 elementor-widget elementor-widget-text-editor\" data-id=\"bed4550\" data-element_type=\"widget\" data-e-type=\"widget\" data-widget_type=\"text-editor.default\">\n\t\t\t\t<div class=\"elementor-widget-container\">\n\t\t\t\t\t\t\t\t\t<p><b>T\u00e4nap\u00e4eval ei t\u00e4henda hamba kaotus enam seda, et selleta tuleb l\u00e4bi ajada kogu \u00fclej\u00e4\u00e4nud elu. Kirurgid suudavad hamba asendada, paigutades l\u00f5ualuusse spetsiaalse posti ehk hambaimplantaadi, mille peale seej\u00e4rel keraamilistest materjalidest hammas ehitatakse.<\/b><\/p><p>Implantaatide paigaldamise puhul saavad kirurgiakeskuses abi ka keerulisemat laadi juhtumitega patsiendid: n\u00e4iteks, kui patsiendil on trauma tagaj\u00e4rjel l\u00f5ualuu viga saanud ja implantaadi paigaldamiseks on vaja teha luusiirdamist. Inimene saab omale kaotatud hamba(d) ja seega ka parema v\u00e4limuse tagasi. Implantaadi abil hamba asendamine on k\u00f5ige kaasaegsem ja loomulikum hamba taastamise viis, samuti peab implantaat v\u00f5rreldes n\u00e4iteks sildproteeside kaua vastu.<\/p><p>Implantaatide paiguldamine on piisavalt keerukas operatsioon. Seega on v\u00f5imalik edu tagada vaid k\u00f5rge kvalifikatsiooniga ja l\u00f5ikuseks ette n\u00e4htud tingimustele vastavas kliinikus. V\u00e4ltima peaks hambaraviasutusi, mille t\u00f6\u00f6tajate kvalifikatsioon, aparatuur ja operatsioonitoad ei vasta n\u00f5uetele.<\/p>\t\t\t\t\t\t\t\t<\/div>\n\t\t\t\t<\/div>\n\t\t\t\t<\/div>\n\t\t\t\t\t<\/div>\n\t\t\t\t<\/div>\n\t\t<div class=\"elementor-element elementor-element-18f2ea7 animated-fast e-flex e-con-boxed elementor-invisible e-con e-parent\" data-id=\"18f2ea7\" data-element_type=\"container\" data-e-type=\"container\" data-settings=\"{&quot;animation&quot;:&quot;fadeIn&quot;}\">\n\t\t\t\t\t<div class=\"e-con-inner\">\n\t\t<div class=\"elementor-element elementor-element-dd44eff e-con-full e-flex e-con e-child\" data-id=\"dd44eff\" data-element_type=\"container\" data-e-type=\"container\">\n\t\t\t\t<div class=\"elementor-element elementor-element-f7f66e8 elementor-widget elementor-widget-heading\" data-id=\"f7f66e8\" data-element_type=\"widget\" data-e-type=\"widget\" data-widget_type=\"heading.default\">\n\t\t\t\t<div class=\"elementor-widget-container\">\n\t\t\t\t\t<h1 class=\"elementor-heading-title elementor-size-default\">Implantaadid kasutusel juba vanadel indiaanlastel<\/h1>\t\t\t\t<\/div>\n\t\t\t\t<\/div>\n\t\t\t\t<div class=\"elementor-element elementor-element-fa43b7b elementor-widget elementor-widget-text-editor\" data-id=\"fa43b7b\" data-element_type=\"widget\" data-e-type=\"widget\" data-widget_type=\"text-editor.default\">\n\t\t\t\t<div class=\"elementor-widget-container\">\n\t\t\t\t\t\t\t\t\t<p>Vanimad teated hambaimplantaatidest p\u00e4rinevad juba Vana-Egiptusest ning L\u00f5una- ja Kesk-Ameerika tsivilisatsioonide juurest. Maiad kasutasid ajaloolaste andmetel hambaimplantaate 600 aastat peale Kristust. 1930ndatel leiti Hondurasest maia alal\u00f5ug, kus kolm hammast kunstlikega asendatud. Kuigi esialgu arvati, et hambad olid alal\u00f5uas proteesidega asendatud alles p\u00e4rast neist ilma j\u00e4\u00e4nute surma (nagu tehti Egiptuses), selgus hiljem, et kahe implantaadi \u00fcmber oli moodustunud luu. R\u00f6ntgen\u00fclesv\u00f5tetelt n\u00e4htu annab alust eeldada, et implantaadid asetati leitud l\u00f5ualuusse juba patsiendi elu ajal.<\/p><p>1759. aastal mainib hiljem \u0161arlataniks tituleeritud hambaravi pioneer Etienne Bourdet, et suudab asendada kaotatud hamba sellisega, mis on \u201csama kindel ning otstarbep\u00e4rane kui p\u00e4ris-hammas\u201d. Selleks puurib ta l\u00f5ualuusse augu ning kinnitab sellesse spetsiaalsel viisil t\u00f6\u00f6deldud kunsthamba. Bourdet on omal ajal Pariisi \u00fcks edukamaid hambaarste ning t\u00f6\u00f6tab alates 1759. aastast koguni kuninganna enda ihu-hambaarstina.<\/p><p>19. sajandil hakkavad hambaarstid \u00fcha enam hammaste asendamisega katsetama. Ridamisi tulevad teated kullast ning plaatinast valmistatud implantaadi-postidest. Sajandi l\u00f5pus aga juba iriidium- ja h\u00f5betorukestest.<\/p><p>Moodsa hambaarsti-teaduse algusajaks v\u00f5ib lugeda 20. sajandi algust, mil tegutsesid mitmed praegustele praktikatele aluse pannud arstid. 1938. aastal paigaldas Dr Alvin Strock USAs Massachusettsi osariigis esimese kaheosalise luusse integreeritava implantaadi. 38 aastat hiljem tehtud r\u00f6ntgen-\u00fclesv\u00f5teteltgi v\u00f5ib n\u00e4ha, et mehe keeruline ja patsiendi jaoks kindlasti ebamugav tehnika lubas pikka aega p\u00fcsivaid tulemusi. Veel paark\u00fcmmend aastat varem, 20. sajandi teisel k\u00fcmnendil, oli Dr Greene Vardiman Black, keda peetakse ka moodsa hambaarstiteaduse \u00fcheks rajajaks, \u00f6elnud, et juhul, kui saaks hamba asendada ning see j\u00e4\u00e4ks kasutusk\u00f5lblikuks j\u00e4rgmised viis aastat, oleks tegu esmaklassilise tulemusega.<\/p><p>T\u00f5eline l\u00e4bimurre hambaimplantaatide osas saabus aga 1960ndatel. 1959. aastal kaitses rootslane Per-Ingvar Branemark Lundi \u00dclikoolis oma doktorikraadi s\u00e4siolluse uuenemise teemadel. Ta leidis selle k\u00e4igus, et elusa k\u00fc\u00fcliku luud suudavad titaankruvid, milles paiknev t\u00fchimik pidi luuga t\u00e4ituma, endasse siduda nii, et hiljem on neid v\u00f5imatu eemaldada. J\u00e4rgnesid katsed koertele siirdatud hambaimplantaatidega ning selgus, et titaankruvid j\u00e4id loomadele kindlalt suhu. Hiljem leiti, et need v\u00f5isid loomade l\u00f5ualuusse pidama j\u00e4\u00e4da lausa k\u00fcmneks aastaks.<\/p>\t\t\t\t\t\t\t\t<\/div>\n\t\t\t\t<\/div>\n\t\t\t\t<\/div>\n\t\t\t\t\t<\/div>\n\t\t\t\t<\/div>\n\t\t<div class=\"elementor-element elementor-element-c1d2aaa animated-fast e-flex e-con-boxed elementor-invisible e-con e-parent\" data-id=\"c1d2aaa\" data-element_type=\"container\" data-e-type=\"container\" data-settings=\"{&quot;animation&quot;:&quot;fadeIn&quot;}\">\n\t\t\t\t\t<div class=\"e-con-inner\">\n\t\t<div class=\"elementor-element elementor-element-b992b00 e-con-full e-flex e-con e-child\" data-id=\"b992b00\" data-element_type=\"container\" data-e-type=\"container\">\n\t\t\t\t<div class=\"elementor-element elementor-element-cffaccc elementor-widget elementor-widget-heading\" data-id=\"cffaccc\" data-element_type=\"widget\" data-e-type=\"widget\" data-widget_type=\"heading.default\">\n\t\t\t\t<div class=\"elementor-widget-container\">\n\t\t\t\t\t<h1 class=\"elementor-heading-title elementor-size-default\">Kuidas implantaadid luusse \"kasvatatakse\"?<\/h1>\t\t\t\t<\/div>\n\t\t\t\t<\/div>\n\t\t\t\t<div class=\"elementor-element elementor-element-b9550d6 elementor-widget elementor-widget-text-editor\" data-id=\"b9550d6\" data-element_type=\"widget\" data-e-type=\"widget\" data-widget_type=\"text-editor.default\">\n\t\t\t\t<div class=\"elementor-widget-container\">\n\t\t\t\t\t\t\t\t\t<p>Kaasaegsed implantaadid \u00fchendatakse esialgu k\u00fcll f\u00fc\u00fcsiliselt k\u00f5vasti luu k\u00fclge, kuid hoopis olulisem on, kuidas luu implantaadi omaks v\u00f5tab, kuidas toimib osseointegratsioon. Kaasaegsetele implantaatidele aluse pannud Per Branemarki ja tema t\u00f6\u00f6d j\u00e4tkanud G\u00f6tebori \u00fclikooli teadlaste tulemused n\u00e4itasid, et titaanist implantaadid \u00fchildusid luuga paremini kui titaanisulamitest valmistatud. Praegu aga kasutatakse \u00fcha enam \u00fcht mujalgi kui meditsiinis laialt levinud titaani, vanaadiumi ja alumiiniumi sulamit, mille luuga integreerumise omadused on \u201cpuhta\u201d titaani omadele sarnased.<\/p><p>Kui varajased postid, millele hambaimplantaadid toetusid, olid sileda pinnaga, siis t\u00e4nap\u00e4eval karestatakse neid mitmel erineval meetodil. See suurendab oluliselt implantaadi v\u00e4lispindala ja v\u00f5imaldab luul selle paremini enda k\u00fclge kinnitada. Samas t\u00e4hendab kare pind siledast paremat kasvukeskkonda bakteritele. T\u00e4ielikult l\u00e4bi uurituks ei saa implantaadi v\u00e4lispinna ja luuga integreerumise suhteid siiani pidada. Oma firmasaladused hoiab ka iga tootja loomulikult enda teada, see t\u00e4hendab et see, kuidas \u00fcht v\u00f5i teist implantaati t\u00e4pselt toodetakse, j\u00e4\u00e4b tihti saladuseks ka neile, kes neid imeasju paigaldama peavad.<\/p><p>Aastaid on lisaks titaanisulamitele t\u00f6\u00f6 k\u00e4inud ka vastupidavate keraamiliste implantaatide loomiseks \u2013 kuigi luuga v\u00e4ga h\u00e4sti \u00fchilduvad, ei ole siiani saavutatud piisavat f\u00fc\u00fcsilist vastupidavust.<\/p>\t\t\t\t\t\t\t\t<\/div>\n\t\t\t\t<\/div>\n\t\t\t\t<\/div>\n\t\t\t\t\t<\/div>\n\t\t\t\t<\/div>\n\t\t<div class=\"elementor-element elementor-element-5e13e68 animated-fast e-flex e-con-boxed elementor-invisible e-con e-parent\" data-id=\"5e13e68\" data-element_type=\"container\" data-e-type=\"container\" data-settings=\"{&quot;animation&quot;:&quot;fadeIn&quot;}\">\n\t\t\t\t\t<div class=\"e-con-inner\">\n\t\t<div class=\"elementor-element elementor-element-189488c e-con-full e-flex e-con e-child\" data-id=\"189488c\" data-element_type=\"container\" data-e-type=\"container\">\n\t\t\t\t<div class=\"elementor-element elementor-element-13becbd elementor-widget elementor-widget-heading\" data-id=\"13becbd\" data-element_type=\"widget\" data-e-type=\"widget\" data-widget_type=\"heading.default\">\n\t\t\t\t<div class=\"elementor-widget-container\">\n\t\t\t\t\t<h1 class=\"elementor-heading-title elementor-size-default\">Kuidas implantaati paigaldatakse?<\/h1>\t\t\t\t<\/div>\n\t\t\t\t<\/div>\n\t\t\t\t<div class=\"elementor-element elementor-element-54ae463 elementor-widget elementor-widget-text-editor\" data-id=\"54ae463\" data-element_type=\"widget\" data-e-type=\"widget\" data-widget_type=\"text-editor.default\">\n\t\t\t\t<div class=\"elementor-widget-container\">\n\t\t\t\t\t\t\t\t\t<p>Esmalt puuritakse mitu erineva diameetriga puuri kasutades l\u00f5ualuusse ava. Seejuures on oluline, et puur liiguks aeglaselt ja saaks piisavalt jahutust. Liiga k\u00f5rge temperatuur puurimisel kahjustab luud ja v\u00e4hendab selle v\u00f5imet implantaati endasse integreerida.<br \/>Puurimise j\u00e4rel kinnitatakse avasse implantaadipost. Tavaliselt j\u00e4\u00e4b see igeme alla ja hakkab seal luusse integreeruma. See v\u00f5tab \u00fclal\u00f5ua puhul kuus ja alal\u00f5ua puhul kolm kuud. Implantaadipostide l\u00e4bim\u00f5\u00f5t valitakse vastavalt patsiendi l\u00f5ualuu ise\u00e4rasustele. Implantaadiposti pikkus v\u00f5ib ulatuda koguni 1,7 sentimeetrini.<\/p><p>Kui implantaat on luuga integreerunud, kinnitatakse sinna k\u00fclge vaheosa, millele omakorda ehitatakse hambakroon. Oluline on, et vaheosa ja posti vahele ei j\u00e4\u00e4ks vahet, kuhu saaksid peituda p\u00f5letikku tekitavad bakterid. Selle v\u00e4ltimiseks on implantaaditootjad v\u00e4lja m\u00f5elnud mitmesuguseid lahendusi, n\u00e4iteks kasutatakse koonuse-kujulisi liitekohti.<\/p><p>Leidub ka implantaate, mis koosnevad \u00fchest t\u00fckist, see t\u00e4hendab, et post j\u00e4\u00e4b integreerumise ajaks l\u00e4bi igeme v\u00e4lja turritama. Neid on kirurgidel keerulisem vajaliku t\u00e4psusega paigaldada, samas j\u00e4\u00e4vad \u00e4ra probleemid posti ja vahekohtadega.<\/p><p>Meeste l\u00f5ualuud surutakse tavaolukorras kokku j\u00f5uga kuni 574 njuutonit, naiste l\u00f5ualuud kuni 384 njuutonit, m\u00f5nedel andmetel isegi tugevamini. Vaid mehaaniliselt, ilma implantaadiposti luusse integreerimata oleks raske tagada seda, et implantaat selliste j\u00f5udude juures pikaks ajaks paigale j\u00e4\u00e4ks.<\/p><p>Juhul, kui v\u00f5ib eeldada, et patsiendi enda luud ei suuda implantaadiposti kinni hoida, kasutatakse looduse puuduj\u00e4\u00e4kide korvamiseks mitmesuguseid lahendusi, n\u00e4iteks t\u00f5stetakse p\u00f5skkoopa alumist serva ja kasvatatakse selle alla tehisluu v\u00f5i siirdatakse patsiendi enda luid mujalt.<\/p><p><em>(Kasutatud materjale ajakirjast Tarkade Klubi, avaldatud autori loal)<\/em><\/p>\t\t\t\t\t\t\t\t<\/div>\n\t\t\t\t<\/div>\n\t\t\t\t<\/div>\n\t\t\t\t\t<\/div>\n\t\t\t\t<\/div>\n\t\t<div class=\"elementor-element elementor-element-5359ed6 animated-fast e-flex e-con-boxed elementor-invisible e-con e-parent\" data-id=\"5359ed6\" data-element_type=\"container\" data-e-type=\"container\" data-settings=\"{&quot;background_background&quot;:&quot;classic&quot;,&quot;animation&quot;:&quot;fadeIn&quot;}\">\n\t\t\t\t\t<div class=\"e-con-inner\">\n\t\t<div class=\"elementor-element elementor-element-cfe7be5 e-con-full e-flex e-con e-child\" data-id=\"cfe7be5\" data-element_type=\"container\" data-e-type=\"container\">\n\t\t\t\t<div class=\"elementor-element elementor-element-4f3e47a elementor-widget elementor-widget-heading\" data-id=\"4f3e47a\" data-element_type=\"widget\" data-e-type=\"widget\" data-widget_type=\"heading.default\">\n\t\t\t\t<div class=\"elementor-widget-container\">\n\t\t\t\t\t<h2 class=\"elementor-heading-title elementor-size-default\">Tule konsultatsioonile<\/h2>\t\t\t\t<\/div>\n\t\t\t\t<\/div>\n\t\t\t\t<div class=\"elementor-element elementor-element-d90d7eb elementor-widget elementor-widget-text-editor\" data-id=\"d90d7eb\" data-element_type=\"widget\" data-e-type=\"widget\" data-widget_type=\"text-editor.default\">\n\t\t\t\t<div class=\"elementor-widget-container\">\n\t\t\t\t\t\t\t\t\t<p>Hambaimplantaadi paigaldamise esimese samm on p\u00f5hjalik konsultatsioon meie spetsialistiga.<\/p>\n<p>Konsultatsiooni k\u00e4igus hindame suu tervist, teeme vajalikud r\u00f6ntgenuuringud ning arutame sulle sobivaid raviv\u00f5imalusi.<\/p>\n<p>Samuti saad vastused k\u00f5igile k\u00fcsimustele, et teha teadlik otsus.<\/p>\n<p>Broneeri aeg juba t\u00e4na ja astu samm l\u00e4hemale tervele ja kaunile naeratusele!<\/p>\t\t\t\t\t\t\t\t<\/div>\n\t\t\t\t<\/div>\n\t\t\t\t<\/div>\n\t\t<div class=\"elementor-element elementor-element-ee914ef e-con-full e-flex e-con e-child\" data-id=\"ee914ef\" data-element_type=\"container\" data-e-type=\"container\">\n\t\t\t\t<div class=\"elementor-element elementor-element-174e144 elementor-widget elementor-widget-heading\" data-id=\"174e144\" data-element_type=\"widget\" data-e-type=\"widget\" data-widget_type=\"heading.default\">\n\t\t\t\t<div class=\"elementor-widget-container\">\n\t\t\t\t\t<h2 class=\"elementor-heading-title elementor-size-default\">Konsultatsioon 50\u20ac<\/h2>\t\t\t\t<\/div>\n\t\t\t\t<\/div>\n\t\t\t\t<div class=\"elementor-element elementor-element-5af7714 elementor-widget elementor-widget-button\" data-id=\"5af7714\" data-element_type=\"widget\" data-e-type=\"widget\" data-widget_type=\"button.default\">\n\t\t\t\t<div class=\"elementor-widget-container\">\n\t\t\t\t\t\t\t\t\t<div class=\"elementor-button-wrapper\">\n\t\t\t\t\t<a class=\"elementor-button elementor-button-link elementor-size-sm\" href=\"https:\/\/kirurgiakeskus.ee\/tst\/broneeri-aeg\/\" id=\"implantaat_bron\">\n\t\t\t\t\t\t<span class=\"elementor-button-content-wrapper\">\n\t\t\t\t\t\t\t\t\t<span class=\"elementor-button-text\">BRONEERI AEG<\/span>\n\t\t\t\t\t<\/span>\n\t\t\t\t\t<\/a>\n\t\t\t\t<\/div>\n\t\t\t\t\t\t\t\t<\/div>\n\t\t\t\t<\/div>\n\t\t\t\t<\/div>\n\t\t\t\t\t<\/div>\n\t\t\t\t<\/div>\n\t\t\t\t<\/div>\n\t\t","protected":false},"excerpt":{"rendered":"<p>Implantaadi paigaldamine T\u00e4nap\u00e4eval ei t\u00e4henda hamba kaotus enam seda, et selleta tuleb l\u00e4bi ajada kogu \u00fclej\u00e4\u00e4nud elu. Kirurgid suudavad hamba asendada, paigutades l\u00f5ualuusse spetsiaalse posti ehk hambaimplantaadi, mille peale seej\u00e4rel keraamilistest materjalidest hammas ehitatakse. Implantaatide paigaldamise puhul saavad kirurgiakeskuses abi ka keerulisemat laadi juhtumitega patsiendid: n\u00e4iteks, kui patsiendil on trauma tagaj\u00e4rjel l\u00f5ualuu viga saanud ja [&hellip;]<\/p>\n","protected":false},"author":1,"featured_media":0,"parent":0,"menu_order":0,"comment_status":"closed","ping_status":"closed","template":"","meta":{"footnotes":""},"class_list":["post-71","page","type-page","status-publish","hentry"],"_links":{"self":[{"href":"https:\/\/kirurgiakeskus.ee\/tst\/wp-json\/wp\/v2\/pages\/71","targetHints":{"allow":["GET"]}}],"collection":[{"href":"https:\/\/kirurgiakeskus.ee\/tst\/wp-json\/wp\/v2\/pages"}],"about":[{"href":"https:\/\/kirurgiakeskus.ee\/tst\/wp-json\/wp\/v2\/types\/page"}],"author":[{"embeddable":true,"href":"https:\/\/kirurgiakeskus.ee\/tst\/wp-json\/wp\/v2\/users\/1"}],"replies":[{"embeddable":true,"href":"https:\/\/kirurgiakeskus.ee\/tst\/wp-json\/wp\/v2\/comments?post=71"}],"version-history":[{"count":62,"href":"https:\/\/kirurgiakeskus.ee\/tst\/wp-json\/wp\/v2\/pages\/71\/revisions"}],"predecessor-version":[{"id":2360,"href":"https:\/\/kirurgiakeskus.ee\/tst\/wp-json\/wp\/v2\/pages\/71\/revisions\/2360"}],"wp:attachment":[{"href":"https:\/\/kirurgiakeskus.ee\/tst\/wp-json\/wp\/v2\/media?parent=71"}],"curies":[{"name":"wp","href":"https:\/\/api.w.org\/{rel}","templated":true}]}}