{"id":87,"date":"2025-03-10T11:18:05","date_gmt":"2025-03-10T09:18:05","guid":{"rendered":"https:\/\/kirurgiakeskus.ee\/tst\/?page_id=87"},"modified":"2026-01-26T10:04:42","modified_gmt":"2026-01-26T08:04:42","slug":"broneeri-aeg","status":"publish","type":"page","link":"https:\/\/kirurgiakeskus.ee\/tst\/broneeri-aeg\/","title":{"rendered":"Broneeri aeg"},"content":{"rendered":"\t\t<div data-elementor-type=\"wp-page\" data-elementor-id=\"87\" class=\"elementor elementor-87\" data-elementor-post-type=\"page\">\n\t\t\t\t<div class=\"elementor-element elementor-element-0a11410 e-flex e-con-boxed e-con e-parent\" data-id=\"0a11410\" data-element_type=\"container\" data-e-type=\"container\">\n\t\t\t\t\t<div class=\"e-con-inner\">\n\t\t\t\t<div class=\"elementor-element elementor-element-12ae763 elementor-widget__width-inherit elementor-widget elementor-widget-heading\" data-id=\"12ae763\" data-element_type=\"widget\" data-e-type=\"widget\" data-widget_type=\"heading.default\">\n\t\t\t\t<div class=\"elementor-widget-container\">\n\t\t\t\t\t<h1 class=\"elementor-heading-title elementor-size-default\">Broneeri aeg<\/h1>\t\t\t\t<\/div>\n\t\t\t\t<\/div>\n\t\t\t\t\t<\/div>\n\t\t\t\t<\/div>\n\t\t<div class=\"elementor-element elementor-element-b2dc27e e-flex e-con-boxed e-con e-parent\" data-id=\"b2dc27e\" data-element_type=\"container\" data-e-type=\"container\">\n\t\t\t\t\t<div class=\"e-con-inner\">\n\t\t<div class=\"elementor-element elementor-element-d957273 e-con-full e-flex e-con e-child\" data-id=\"d957273\" data-element_type=\"container\" data-e-type=\"container\">\n\t\t\t\t<div class=\"elementor-element elementor-element-2c0a48a elementor-widget elementor-widget-heading\" data-id=\"2c0a48a\" data-element_type=\"widget\" data-e-type=\"widget\" data-widget_type=\"heading.default\">\n\t\t\t\t<div class=\"elementor-widget-container\">\n\t\t\t\t\t<h2 class=\"elementor-heading-title elementor-size-default\">Vastuv\u00f5tt<\/h2>\t\t\t\t<\/div>\n\t\t\t\t<\/div>\n\t\t\t\t<div class=\"elementor-element elementor-element-dbef05e elementor-widget elementor-widget-text-editor\" data-id=\"dbef05e\" data-element_type=\"widget\" data-e-type=\"widget\" data-widget_type=\"text-editor.default\">\n\t\t\t\t<div class=\"elementor-widget-container\">\n\t\t\t\t\t\t\t\t\t<p>E-R 9:00 &#8211; 17:00.<br \/>J.S\u00fctiste tee 19a, Tallinn 13419<\/p>\t\t\t\t\t\t\t\t<\/div>\n\t\t\t\t<\/div>\n\t\t\t\t<div class=\"elementor-element elementor-element-01a838e elementor-hidden-desktop elementor-hidden-tablet elementor-hidden-mobile elementor-widget elementor-widget-text-editor\" data-id=\"01a838e\" data-element_type=\"widget\" data-e-type=\"widget\" data-widget_type=\"text-editor.default\">\n\t\t\t\t<div class=\"elementor-widget-container\">\n\t\t\t\t\t\t\t\t\t<p>N\u00e4o- ja l\u00f5ualuukirurgia keskus on <strong>kollektiivpuhkusel <\/strong>ajavahemikus 21.07.25 \u2013 03.08.2025. Vastame e-kirjadele esimesel v\u00f5imalusel.<\/p>\t\t\t\t\t\t\t\t<\/div>\n\t\t\t\t<\/div>\n\t\t\t\t<div class=\"elementor-element elementor-element-7cae142 elementor-widget elementor-widget-heading\" data-id=\"7cae142\" data-element_type=\"widget\" data-e-type=\"widget\" data-widget_type=\"heading.default\">\n\t\t\t\t<div class=\"elementor-widget-container\">\n\t\t\t\t\t<h2 class=\"elementor-heading-title elementor-size-default\">Aja broneerimine<\/h2>\t\t\t\t<\/div>\n\t\t\t\t<\/div>\n\t\t\t\t<div class=\"elementor-element elementor-element-36aa421 elementor-widget elementor-widget-text-editor\" data-id=\"36aa421\" data-element_type=\"widget\" data-e-type=\"widget\" data-widget_type=\"text-editor.default\">\n\t\t\t\t<div class=\"elementor-widget-container\">\n\t\t\t\t\t\t\t\t\t<p>Oleme liitunud \u00fcleriigilise digiregistratuuriga, mille kasutamiseks on vajalik digitaalne saatekiri. Digisaatekirja omanikel on v\u00f5imalik vastuv\u00f5tule registreeruda <a href=\"https:\/\/www.veebiregistratuur.ee\/117\/\" target=\"_blank\" rel=\"noopener\"><u>Veebiregistratuuris<\/u><\/a> v\u00f5i <a href=\"https:\/\/www.terviseportaal.ee\/\" target=\"_blank\" rel=\"noopener\"><u>Terviseportaalis<\/u><\/a>.<\/p><p>Muude saatekirjade omanikel ning patsientidel, kes saatekirja ei vaja, palume vastuv\u00f5tule registreerumiseks helistada telefonil <a href=\"http:\/\/tel:+3726543031\"><u>+372 654 3031<\/u><\/a>, saata kiri <a href=\"mailto:info@kirurgiakeskus.ee\"><u>info@kirurgiakeskus.ee<\/u><\/a> v\u00f5i kasutada broneeringuvormi.<\/p>\t\t\t\t\t\t\t\t<\/div>\n\t\t\t\t<\/div>\n\t\t\t\t<div class=\"elementor-element elementor-element-92d19ee elementor-hidden-mobile animated-fast elementor-invisible elementor-widget elementor-widget-heading\" data-id=\"92d19ee\" data-element_type=\"widget\" data-e-type=\"widget\" data-settings=\"{&quot;_animation&quot;:&quot;fadeIn&quot;}\" data-widget_type=\"heading.default\">\n\t\t\t\t<div class=\"elementor-widget-container\">\n\t\t\t\t\t<h2 class=\"elementor-heading-title elementor-size-default\">Broneeringu t\u00fchistamine<\/h2>\t\t\t\t<\/div>\n\t\t\t\t<\/div>\n\t\t\t\t<div class=\"elementor-element elementor-element-2c7a39f elementor-hidden-mobile animated-fast elementor-invisible elementor-widget elementor-widget-text-editor\" data-id=\"2c7a39f\" data-element_type=\"widget\" data-e-type=\"widget\" data-settings=\"{&quot;_animation&quot;:&quot;fadeIn&quot;}\" data-widget_type=\"text-editor.default\">\n\t\t\t\t<div class=\"elementor-widget-container\">\n\t\t\t\t\t\t\t\t\t<p>Broneeringu saab tasuta t\u00fchistada v\u00e4hemalt <b>24h<\/b> enne vastuv\u00f5ttu.<\/p><p><b>NB!<\/b> \u00d5igeaegselt ette teatamata v\u00f5i mitteilmumise korral trahv 40\u20ac.<\/p>\t\t\t\t\t\t\t\t<\/div>\n\t\t\t\t<\/div>\n\t\t\t\t<\/div>\n\t\t<div class=\"elementor-element elementor-element-a354842 e-con-full animated-fast e-flex e-con e-child\" data-id=\"a354842\" data-element_type=\"container\" data-e-type=\"container\" data-settings=\"{&quot;animation&quot;:&quot;none&quot;,&quot;animation_tablet&quot;:&quot;none&quot;,&quot;animation_mobile&quot;:&quot;fadeIn&quot;}\">\n\t\t<div class=\"elementor-element elementor-element-e79f1c2 e-con-full e-flex e-con e-child\" data-id=\"e79f1c2\" data-element_type=\"container\" data-e-type=\"container\" data-settings=\"{&quot;background_background&quot;:&quot;classic&quot;}\">\n\t\t\t\t<div class=\"elementor-element elementor-element-0b6d0df elementor-widget elementor-widget-heading\" data-id=\"0b6d0df\" data-element_type=\"widget\" data-e-type=\"widget\" data-widget_type=\"heading.default\">\n\t\t\t\t<div class=\"elementor-widget-container\">\n\t\t\t\t\t<h2 class=\"elementor-heading-title elementor-size-default\">Broneeringuvorm<\/h2>\t\t\t\t<\/div>\n\t\t\t\t<\/div>\n\t\t\t\t<div class=\"elementor-element elementor-element-f0446dd elementor-button-align-start elementor-widget elementor-widget-form\" data-id=\"f0446dd\" data-element_type=\"widget\" data-e-type=\"widget\" data-settings=\"{&quot;step_next_label&quot;:&quot;Next&quot;,&quot;step_previous_label&quot;:&quot;Previous&quot;,&quot;button_width&quot;:&quot;100&quot;,&quot;step_type&quot;:&quot;number_text&quot;,&quot;step_icon_shape&quot;:&quot;circle&quot;}\" data-widget_type=\"form.default\">\n\t\t\t\t<div class=\"elementor-widget-container\">\n\t\t\t\t\t\t\t<form class=\"elementor-form\" method=\"post\" id=\"form_broneering\" name=\"Broneeringuvorm\" aria-label=\"Broneeringuvorm\" novalidate=\"\">\n\t\t\t<input type=\"hidden\" name=\"post_id\" value=\"87\"\/>\n\t\t\t<input type=\"hidden\" name=\"form_id\" value=\"f0446dd\"\/>\n\t\t\t<input type=\"hidden\" name=\"referer_title\" value=\"Broneeri aeg - N\u00e4o-l\u00f5ualuukirurgia keskus\" \/>\n\n\t\t\t\t\t\t\t<input type=\"hidden\" name=\"queried_id\" value=\"87\"\/>\n\t\t\t\n\t\t\t<div class=\"elementor-form-fields-wrapper elementor-labels-\">\n\t\t\t\t\t\t\t\t<div class=\"elementor-field-type-number elementor-field-group elementor-column elementor-field-group-isikukood elementor-col-100 elementor-field-required\">\n\t\t\t\t\t\t\t\t<input type=\"number\" name=\"form_fields[isikukood]\" id=\"form-field-isikukood\" class=\"elementor-field elementor-size-sm  elementor-field-textual\" placeholder=\"Isikukood*\" required=\"required\" min=\"0\" max=\"\" >\n\t\t\t\t\t\t<\/div>\n\t\t\t\t\t\t\t\t<div class=\"elementor-field-type-email elementor-field-group elementor-column elementor-field-group-email elementor-col-100 elementor-field-required\">\n\t\t\t\t\t\t\t\t\t\t\t\t\t<input size=\"1\" type=\"email\" name=\"form_fields[email]\" id=\"form-field-email\" class=\"elementor-field elementor-size-sm  elementor-field-textual\" placeholder=\"Email*\" required=\"required\">\n\t\t\t\t\t\t\t\t\t\t\t<\/div>\n\t\t\t\t\t\t\t\t<div class=\"elementor-field-type-tel elementor-field-group elementor-column elementor-field-group-phonenr elementor-col-100 elementor-field-required\">\n\t\t\t\t\t\t\t<input size=\"1\" type=\"tel\" name=\"form_fields[phonenr]\" id=\"form-field-phonenr\" class=\"elementor-field elementor-size-sm  elementor-field-textual\" placeholder=\"Telefoninumber*\" required=\"required\" pattern=\"[0-9()#&amp;+*-=.]+\" title=\"Only numbers and phone characters (#, -, *, etc) are accepted.\">\n\n\t\t\t\t\t\t<\/div>\n\t\t\t\t\t\t\t\t<div class=\"elementor-field-type-text elementor-field-group elementor-column elementor-field-group-ajasoov elementor-col-100 elementor-field-required\">\n\t\t\t\t\t\t\t\t\t\t\t\t\t<input size=\"1\" type=\"text\" name=\"form_fields[ajasoov]\" id=\"form-field-ajasoov\" class=\"elementor-field elementor-size-sm  elementor-field-textual\" placeholder=\"Millal te soovite tulla?*\" required=\"required\">\n\t\t\t\t\t\t\t\t\t\t\t<\/div>\n\t\t\t\t\t\t\t\t<div class=\"elementor-field-type-textarea elementor-field-group elementor-column elementor-field-group-message elementor-col-100 elementor-field-required\">\n\t\t\t\t\t<textarea class=\"elementor-field-textual elementor-field  elementor-size-sm\" name=\"form_fields[message]\" id=\"form-field-message\" rows=\"6\" placeholder=\"Millega abi soovite?*\" required=\"required\"><\/textarea>\t\t\t\t<\/div>\n\t\t\t\t\t\t\t\t<div class=\"elementor-field-type-recaptcha_v3 elementor-field-group elementor-column elementor-field-group-field_6cd589f elementor-col-100 recaptcha_v3-bottomright\">\n\t\t\t\t\t<div class=\"elementor-field\" id=\"form-field-field_6cd589f\"><div class=\"elementor-g-recaptcha\" data-sitekey=\"6LeRX_IqAAAAAInXodvteqG1dESKlYoopnTG2dqq\" data-type=\"v3\" data-action=\"Form\" data-badge=\"bottomright\" data-size=\"invisible\"><\/div><\/div>\t\t\t\t<\/div>\n\t\t\t\t\t\t\t\t<div class=\"elementor-field-group elementor-column elementor-field-type-submit elementor-col-100 e-form__buttons\">\n\t\t\t\t\t<button class=\"elementor-button elementor-size-sm\" type=\"submit\">\n\t\t\t\t\t\t<span class=\"elementor-button-content-wrapper\">\n\t\t\t\t\t\t\t\t\t\t\t\t\t\t\t\t\t\t\t\t\t\t<span class=\"elementor-button-text\">SAADA P\u00c4RING<\/span>\n\t\t\t\t\t\t\t\t\t\t\t\t\t<\/span>\n\t\t\t\t\t<\/button>\n\t\t\t\t<\/div>\n\t\t\t<\/div>\n\t\t<\/form>\n\t\t\t\t\t\t<\/div>\n\t\t\t\t<\/div>\n\t\t\t\t<\/div>\n\t\t\t\t<\/div>\n\t\t<div class=\"elementor-element elementor-element-188d98f e-con-full elementor-hidden-desktop elementor-hidden-tablet animated-fast e-flex elementor-invisible e-con e-child\" data-id=\"188d98f\" data-element_type=\"container\" data-e-type=\"container\" data-settings=\"{&quot;animation&quot;:&quot;fadeIn&quot;}\">\n\t\t\t\t<div class=\"elementor-element elementor-element-80a7a45 elementor-widget elementor-widget-heading\" data-id=\"80a7a45\" data-element_type=\"widget\" data-e-type=\"widget\" data-widget_type=\"heading.default\">\n\t\t\t\t<div class=\"elementor-widget-container\">\n\t\t\t\t\t<h2 class=\"elementor-heading-title elementor-size-default\">Broneeringu t\u00fchistamine<\/h2>\t\t\t\t<\/div>\n\t\t\t\t<\/div>\n\t\t\t\t<div class=\"elementor-element elementor-element-960a27d elementor-widget elementor-widget-text-editor\" data-id=\"960a27d\" data-element_type=\"widget\" data-e-type=\"widget\" data-widget_type=\"text-editor.default\">\n\t\t\t\t<div class=\"elementor-widget-container\">\n\t\t\t\t\t\t\t\t\t<p>Broneeringu saab tasuta t\u00fchistada v\u00e4hemalt <b>24h<\/b> enne vastuv\u00f5ttu.<\/p><p><b>NB!<\/b> \u00d5igeaegselt ette teatamata v\u00f5i mitteilmumise korral trahv 40\u20ac.<\/p>\t\t\t\t\t\t\t\t<\/div>\n\t\t\t\t<\/div>\n\t\t\t\t<\/div>\n\t\t\t\t\t<\/div>\n\t\t\t\t<\/div>\n\t\t<div class=\"elementor-element elementor-element-b0ddf92 e-flex e-con-boxed e-con e-parent\" data-id=\"b0ddf92\" data-element_type=\"container\" data-e-type=\"container\">\n\t\t\t\t\t<div class=\"e-con-inner\">\n\t\t<div class=\"elementor-element elementor-element-b77f7d4 e-con-full animated-fast e-flex elementor-invisible e-con e-child\" data-id=\"b77f7d4\" data-element_type=\"container\" data-e-type=\"container\" data-settings=\"{&quot;animation&quot;:&quot;fadeIn&quot;}\">\n\t\t\t\t<div class=\"elementor-element elementor-element-85f846f elementor-widget elementor-widget-heading\" data-id=\"85f846f\" data-element_type=\"widget\" data-e-type=\"widget\" data-widget_type=\"heading.default\">\n\t\t\t\t<div class=\"elementor-widget-container\">\n\t\t\t\t\t<h2 class=\"elementor-heading-title elementor-size-default\">Asukoht kaardil<\/h2>\t\t\t\t<\/div>\n\t\t\t\t<\/div>\n\t\t\t\t<div class=\"elementor-element elementor-element-4aeb0af elementor-widget elementor-widget-google_maps\" data-id=\"4aeb0af\" data-element_type=\"widget\" data-e-type=\"widget\" data-widget_type=\"google_maps.default\">\n\t\t\t\t<div class=\"elementor-widget-container\">\n\t\t\t\t\t\t\t<div class=\"elementor-custom-embed\">\n\t\t\t<iframe loading=\"lazy\"\n\t\t\t\t\tsrc=\"https:\/\/maps.google.com\/maps?q=N%C3%A4o-l%C3%B5ualuukirurgia&#038;t=m&#038;z=13&#038;output=embed&#038;iwloc=near\"\n\t\t\t\t\ttitle=\"N\u00e4o-l\u00f5ualuukirurgia\"\n\t\t\t\t\taria-label=\"N\u00e4o-l\u00f5ualuukirurgia\"\n\t\t\t><\/iframe>\n\t\t<\/div>\n\t\t\t\t\t\t<\/div>\n\t\t\t\t<\/div>\n\t\t\t\t<div class=\"elementor-element elementor-element-656d0f1 elementor-widget elementor-widget-text-editor\" data-id=\"656d0f1\" data-element_type=\"widget\" data-e-type=\"widget\" data-widget_type=\"text-editor.default\">\n\t\t\t\t<div class=\"elementor-widget-container\">\n\t\t\t\t\t\t\t\t\t<p>Meie kliinikul puudub privaatne parkimine.<\/p>\t\t\t\t\t\t\t\t<\/div>\n\t\t\t\t<\/div>\n\t\t\t\t<\/div>\n\t\t<div class=\"elementor-element elementor-element-dded3b3 e-con-full animated-fast e-flex elementor-invisible e-con e-child\" data-id=\"dded3b3\" data-element_type=\"container\" data-e-type=\"container\" data-settings=\"{&quot;animation&quot;:&quot;fadeIn&quot;}\">\n\t\t\t\t<div class=\"elementor-element elementor-element-3674455 elementor-widget elementor-widget-heading\" data-id=\"3674455\" data-element_type=\"widget\" data-e-type=\"widget\" data-widget_type=\"heading.default\">\n\t\t\t\t<div class=\"elementor-widget-container\">\n\t\t\t\t\t<h2 class=\"elementor-heading-title elementor-size-default\">Tasuline parkimine<\/h2>\t\t\t\t<\/div>\n\t\t\t\t<\/div>\n\t\t\t\t<div class=\"elementor-element elementor-element-375901b elementor-widget elementor-widget-image\" data-id=\"375901b\" data-element_type=\"widget\" data-e-type=\"widget\" data-widget_type=\"image.default\">\n\t\t\t\t<div class=\"elementor-widget-container\">\n\t\t\t\t\t\t\t\t\t\t\t\t\t\t\t\t<a href=\"https:\/\/kirurgiakeskus.ee\/tst\/tst\/stg\/wp-content\/uploads\/2025\/03\/KT-tasuline.svg\" data-elementor-open-lightbox=\"yes\" data-elementor-lightbox-title=\"Tasulise parkimise kaart\" data-e-action-hash=\"#elementor-action%3Aaction%3Dlightbox%26settings%3DeyJpZCI6MTM2NSwidXJsIjoiaHR0cHM6XC9cL2tpcnVyZ2lha2Vza3VzLmVlXC90c3RcL3dwLWNvbnRlbnRcL3VwbG9hZHNcLzIwMjVcLzAzXC9LVC10YXN1bGluZS5zdmcifQ%3D%3D\">\n\t\t\t\t\t\t\t<img fetchpriority=\"high\" decoding=\"async\" width=\"800\" height=\"800\" src=\"https:\/\/kirurgiakeskus.ee\/tst\/wp-content\/uploads\/2025\/03\/KT-tasuline.svg\" class=\"attachment-large size-large wp-image-1365\" alt=\"Tasulise parkimise kaart\" \/>\t\t\t\t\t\t\t\t<\/a>\n\t\t\t\t\t\t\t\t\t\t\t\t\t\t\t<\/div>\n\t\t\t\t<\/div>\n\t\t\t\t<div class=\"elementor-element elementor-element-845c1d0 elementor-widget elementor-widget-text-editor\" data-id=\"845c1d0\" data-element_type=\"widget\" data-e-type=\"widget\" data-widget_type=\"text-editor.default\">\n\t\t\t\t<div class=\"elementor-widget-container\">\n\t\t\t\t\t\t\t\t\t<p><span style=\"color: var( --e-global-color-408fbfb ); font-family: var( --e-global-typography-777d76e-font-family ), Sans-serif; font-size: var( --e-global-typography-777d76e-font-size ); text-align: var(--text-align);\">Tasuda saab makseautomaadis v\u00f5i kasutades mobiilparkimist, saates s\u00f5num numbrile 1902 s\u00f5numi sisuga s\u00f5iduki registreerimisnumber [t\u00fchik] tsoon (n\u00e4iteks 123ABC PERH).<\/span><\/p>\n<p>Parkimise l\u00f5petamiseks helistage 1903.<\/p>\n<p><b>NB!<\/b> Palume parkimistingimustes veenduda enne parkimise alustamist.<\/p>\t\t\t\t\t\t\t\t<\/div>\n\t\t\t\t<\/div>\n\t\t\t\t<\/div>\n\t\t\t\t\t<\/div>\n\t\t\t\t<\/div>\n\t\t<div class=\"elementor-element elementor-element-26eb2a0 e-flex e-con-boxed e-con e-parent\" data-id=\"26eb2a0\" data-element_type=\"container\" data-e-type=\"container\">\n\t\t\t\t\t<div class=\"e-con-inner\">\n\t\t<div class=\"elementor-element elementor-element-22fd80d e-con-full animated-fast e-flex elementor-invisible e-con e-child\" data-id=\"22fd80d\" data-element_type=\"container\" data-e-type=\"container\" data-settings=\"{&quot;animation&quot;:&quot;fadeIn&quot;}\">\n\t\t\t\t<div class=\"elementor-element elementor-element-0232100 elementor-widget elementor-widget-heading\" data-id=\"0232100\" data-element_type=\"widget\" data-e-type=\"widget\" data-widget_type=\"heading.default\">\n\t\t\t\t<div class=\"elementor-widget-container\">\n\t\t\t\t\t<h2 class=\"elementor-heading-title elementor-size-default\">Tasuta parkimine<\/h2>\t\t\t\t<\/div>\n\t\t\t\t<\/div>\n\t\t\t\t<div class=\"elementor-element elementor-element-0255424 elementor-widget elementor-widget-image\" data-id=\"0255424\" data-element_type=\"widget\" data-e-type=\"widget\" data-widget_type=\"image.default\">\n\t\t\t\t<div class=\"elementor-widget-container\">\n\t\t\t\t\t\t\t\t\t\t\t\t\t\t\t\t<a href=\"https:\/\/kirurgiakeskus.ee\/tst\/tst\/stg\/wp-content\/uploads\/2025\/03\/KT-tasuta.svg\" data-elementor-open-lightbox=\"yes\" data-elementor-lightbox-title=\"Tasuta parkimise kaart\" data-e-action-hash=\"#elementor-action%3Aaction%3Dlightbox%26settings%3DeyJpZCI6MTM3MCwidXJsIjoiaHR0cHM6XC9cL2tpcnVyZ2lha2Vza3VzLmVlXC90c3RcL3dwLWNvbnRlbnRcL3VwbG9hZHNcLzIwMjVcLzAzXC9LVC10YXN1dGEuc3ZnIn0%3D\">\n\t\t\t\t\t\t\t<img decoding=\"async\" width=\"800\" height=\"800\" src=\"https:\/\/kirurgiakeskus.ee\/tst\/wp-content\/uploads\/2025\/03\/KT-tasuta.svg\" class=\"attachment-large size-large wp-image-1370\" alt=\"Tasuta parkimise kaart\" \/>\t\t\t\t\t\t\t\t<\/a>\n\t\t\t\t\t\t\t\t\t\t\t\t\t\t\t<\/div>\n\t\t\t\t<\/div>\n\t\t\t\t<div class=\"elementor-element elementor-element-42e75e8 elementor-widget elementor-widget-text-editor\" data-id=\"42e75e8\" data-element_type=\"widget\" data-e-type=\"widget\" data-widget_type=\"text-editor.default\">\n\t\t\t\t<div class=\"elementor-widget-container\">\n\t\t\t\t\t\t\t\t\t<p>Magistrali keskuse parklas on Magistrali keskuse klientidele parkimiskellaga <strong>2h<\/strong> parkimist tasuta.<\/p><p>N\u00e4o-l\u00f5ualuukirurgia keskus asub 7min (500m) jalutusk\u00e4igu kaugusel.<\/p><p><span style=\"font-weight: bold;\">NB!<\/span>\u00a0Palume parkimistingimustes veenduda enne parkimise alustamist.<\/p>\t\t\t\t\t\t\t\t<\/div>\n\t\t\t\t<\/div>\n\t\t\t\t<\/div>\n\t\t<div class=\"elementor-element elementor-element-443dd1e e-con-full animated-fast e-flex elementor-invisible e-con e-child\" data-id=\"443dd1e\" data-element_type=\"container\" data-e-type=\"container\" data-settings=\"{&quot;animation&quot;:&quot;fadeIn&quot;}\">\n\t\t\t\t<div class=\"elementor-element elementor-element-d7546a2 elementor-widget elementor-widget-heading\" data-id=\"d7546a2\" data-element_type=\"widget\" data-e-type=\"widget\" data-widget_type=\"heading.default\">\n\t\t\t\t<div class=\"elementor-widget-container\">\n\t\t\t\t\t<h2 class=\"elementor-heading-title elementor-size-default\">\u00dchistransport<\/h2>\t\t\t\t<\/div>\n\t\t\t\t<\/div>\n\t\t\t\t<div class=\"elementor-element elementor-element-3d047d5 elementor-widget elementor-widget-image\" data-id=\"3d047d5\" data-element_type=\"widget\" data-e-type=\"widget\" data-widget_type=\"image.default\">\n\t\t\t\t<div class=\"elementor-widget-container\">\n\t\t\t\t\t\t\t\t\t\t\t\t\t\t\t\t<a href=\"https:\/\/kirurgiakeskus.ee\/tst\/tst\/stg\/wp-content\/uploads\/2025\/03\/kt-uhistransport-2.svg\" data-elementor-open-lightbox=\"yes\" data-elementor-lightbox-title=\"\u00dchistranspordi kaart\" data-e-action-hash=\"#elementor-action%3Aaction%3Dlightbox%26settings%3DeyJpZCI6MTU1OCwidXJsIjoiaHR0cHM6XC9cL2tpcnVyZ2lha2Vza3VzLmVlXC90c3RcL3dwLWNvbnRlbnRcL3VwbG9hZHNcLzIwMjVcLzAzXC9rdC11aGlzdHJhbnNwb3J0LTIuc3ZnIn0%3D\">\n\t\t\t\t\t\t\t<img decoding=\"async\" width=\"800\" height=\"800\" src=\"https:\/\/kirurgiakeskus.ee\/tst\/wp-content\/uploads\/2025\/03\/kt-uhistransport-2.svg\" class=\"attachment-large size-large wp-image-1558\" alt=\"\u00dchistranspordi kaart\" \/>\t\t\t\t\t\t\t\t<\/a>\n\t\t\t\t\t\t\t\t\t\t\t\t\t\t\t<\/div>\n\t\t\t\t<\/div>\n\t\t\t\t<div class=\"elementor-element elementor-element-560f317 elementor-widget elementor-widget-text-editor\" data-id=\"560f317\" data-element_type=\"widget\" data-e-type=\"widget\" data-widget_type=\"text-editor.default\">\n\t\t\t\t<div class=\"elementor-widget-container\">\n\t\t\t\t\t\t\t\t\t<p>Tervise peatusesse toovad liinid 61 ja 67.<\/p><p>N\u00e4o-l\u00f5ualuukirurgia keskus asub 2min jalutusk\u00e4igu kaugusel.<\/p><p><a href=\"https:\/\/transport.tallinn.ee\/mobile.html#plan\/\/03004-1,02703-1\" target=\"_blank\" rel=\"noopener\"><u>Reisiplaneerija<\/u><\/a><\/p>\t\t\t\t\t\t\t\t<\/div>\n\t\t\t\t<\/div>\n\t\t\t\t<\/div>\n\t\t\t\t\t<\/div>\n\t\t\t\t<\/div>\n\t\t\t\t<\/div>\n\t\t","protected":false},"excerpt":{"rendered":"<p>Broneeri aeg Vastuv\u00f5tt E-R 9:00 &#8211; 17:00.J.S\u00fctiste tee 19a, Tallinn 13419 N\u00e4o- ja l\u00f5ualuukirurgia keskus on kollektiivpuhkusel ajavahemikus 21.07.25 \u2013 03.08.2025. Vastame e-kirjadele esimesel v\u00f5imalusel. Aja broneerimine Oleme liitunud \u00fcleriigilise digiregistratuuriga, mille kasutamiseks on vajalik digitaalne saatekiri. Digisaatekirja omanikel on v\u00f5imalik vastuv\u00f5tule registreeruda Veebiregistratuuris v\u00f5i Terviseportaalis. Muude saatekirjade omanikel ning patsientidel, kes saatekirja ei vaja, [&hellip;]<\/p>\n","protected":false},"author":1,"featured_media":0,"parent":0,"menu_order":0,"comment_status":"closed","ping_status":"closed","template":"","meta":{"footnotes":""},"class_list":["post-87","page","type-page","status-publish","hentry"],"_links":{"self":[{"href":"https:\/\/kirurgiakeskus.ee\/tst\/wp-json\/wp\/v2\/pages\/87","targetHints":{"allow":["GET"]}}],"collection":[{"href":"https:\/\/kirurgiakeskus.ee\/tst\/wp-json\/wp\/v2\/pages"}],"about":[{"href":"https:\/\/kirurgiakeskus.ee\/tst\/wp-json\/wp\/v2\/types\/page"}],"author":[{"embeddable":true,"href":"https:\/\/kirurgiakeskus.ee\/tst\/wp-json\/wp\/v2\/users\/1"}],"replies":[{"embeddable":true,"href":"https:\/\/kirurgiakeskus.ee\/tst\/wp-json\/wp\/v2\/comments?post=87"}],"version-history":[{"count":226,"href":"https:\/\/kirurgiakeskus.ee\/tst\/wp-json\/wp\/v2\/pages\/87\/revisions"}],"predecessor-version":[{"id":2582,"href":"https:\/\/kirurgiakeskus.ee\/tst\/wp-json\/wp\/v2\/pages\/87\/revisions\/2582"}],"wp:attachment":[{"href":"https:\/\/kirurgiakeskus.ee\/tst\/wp-json\/wp\/v2\/media?parent=87"}],"curies":[{"name":"wp","href":"https:\/\/api.w.org\/{rel}","templated":true}]}}