{"id":9,"date":"2025-03-09T16:52:05","date_gmt":"2025-03-09T14:52:05","guid":{"rendered":"https:\/\/kirurgiakeskus.ee\/tst\/?page_id=9"},"modified":"2025-11-19T18:44:42","modified_gmt":"2025-11-19T16:44:42","slug":"avaleht","status":"publish","type":"page","link":"https:\/\/kirurgiakeskus.ee\/tst\/","title":{"rendered":"N\u00e4o-l\u00f5ualuukirurgia keskus O\u00dc"},"content":{"rendered":"\t\t<div data-elementor-type=\"wp-post\" data-elementor-id=\"9\" class=\"elementor elementor-9\" data-elementor-post-type=\"page\">\n\t\t\t\t<div class=\"elementor-element elementor-element-a2957d1 e-flex e-con-boxed e-con e-parent\" data-id=\"a2957d1\" data-element_type=\"container\" data-e-type=\"container\" data-settings=\"{&quot;background_background&quot;:&quot;classic&quot;}\">\n\t\t\t\t\t<div class=\"e-con-inner\">\n\t\t<div class=\"elementor-element elementor-element-5e6d3c1 e-con-full animated-fast e-flex e-con e-child\" data-id=\"5e6d3c1\" data-element_type=\"container\" data-e-type=\"container\" data-settings=\"{&quot;background_background&quot;:&quot;classic&quot;,&quot;animation&quot;:&quot;none&quot;}\">\n\t\t\t\t<div class=\"elementor-element elementor-element-f52f9f3 elementor-widget elementor-widget-heading\" data-id=\"f52f9f3\" data-element_type=\"widget\" data-e-type=\"widget\" data-widget_type=\"heading.default\">\n\t\t\t\t<div class=\"elementor-widget-container\">\n\t\t\t\t\t<h2 class=\"elementor-heading-title elementor-size-default\">N\u00e4o-l\u00f5ualuukirurgia keskus<\/h2>\t\t\t\t<\/div>\n\t\t\t\t<\/div>\n\t\t\t\t<div class=\"elementor-element elementor-element-90f13f0 elementor-widget elementor-widget-text-editor\" data-id=\"90f13f0\" data-element_type=\"widget\" data-e-type=\"widget\" data-widget_type=\"text-editor.default\">\n\t\t\t\t<div class=\"elementor-widget-container\">\n\t\t\t\t\t\t\t\t\t<p>Oleme spetsialiseerunud n\u00e4o- ja l\u00f5ualuupiirkonna haigusseisundite diagnoosimisele ja ravile.<\/p>\t\t\t\t\t\t\t\t<\/div>\n\t\t\t\t<\/div>\n\t\t\t\t<div class=\"elementor-element elementor-element-8cf0a4a elementor-widget elementor-widget-button\" data-id=\"8cf0a4a\" data-element_type=\"widget\" data-e-type=\"widget\" data-widget_type=\"button.default\">\n\t\t\t\t<div class=\"elementor-widget-container\">\n\t\t\t\t\t\t\t\t\t<div class=\"elementor-button-wrapper\">\n\t\t\t\t\t<a class=\"elementor-button elementor-button-link elementor-size-sm\" href=\"https:\/\/kirurgiakeskus.ee\/tst\/broneeri-aeg\/\">\n\t\t\t\t\t\t<span class=\"elementor-button-content-wrapper\">\n\t\t\t\t\t\t\t\t\t<span class=\"elementor-button-text\">BRONEERI AEG<\/span>\n\t\t\t\t\t<\/span>\n\t\t\t\t\t<\/a>\n\t\t\t\t<\/div>\n\t\t\t\t\t\t\t\t<\/div>\n\t\t\t\t<\/div>\n\t\t\t\t<\/div>\n\t\t\t\t\t<\/div>\n\t\t\t\t<\/div>\n\t\t<div class=\"elementor-element elementor-element-a5eae28 animated-fast e-flex e-con-boxed e-con e-parent\" data-id=\"a5eae28\" data-element_type=\"container\" data-e-type=\"container\" data-settings=\"{&quot;background_background&quot;:&quot;classic&quot;,&quot;animation&quot;:&quot;none&quot;}\">\n\t\t\t\t\t<div class=\"e-con-inner\">\n\t\t\t\t<div class=\"elementor-element elementor-element-4df6e8e elementor-widget elementor-widget-heading\" data-id=\"4df6e8e\" data-element_type=\"widget\" data-e-type=\"widget\" data-widget_type=\"heading.default\">\n\t\t\t\t<div class=\"elementor-widget-container\">\n\t\t\t\t\t<h2 class=\"elementor-heading-title elementor-size-default\">Teenused<\/h2>\t\t\t\t<\/div>\n\t\t\t\t<\/div>\n\t\t<div class=\"elementor-element elementor-element-a1e091e e-con-full animated-fast e-flex elementor-invisible e-con e-child\" data-id=\"a1e091e\" data-element_type=\"container\" data-e-type=\"container\" data-settings=\"{&quot;animation&quot;:&quot;fadeIn&quot;}\">\n\t\t\t\t<div class=\"elementor-element elementor-element-1000094 elementor-widget elementor-widget-text-editor\" data-id=\"1000094\" data-element_type=\"widget\" data-e-type=\"widget\" data-widget_type=\"text-editor.default\">\n\t\t\t\t<div class=\"elementor-widget-container\">\n\t\t\t\t\t\t\t\t\t<ul>\n<li><u><a href=\"https:\/\/kirurgiakeskus.ee\/tst\/stg\/hammaste-ja-tarkusehamba-eemaldamine\/\">Hammaste eemaldamine<\/a><\/u><\/li>\n<li><u><a href=\"https:\/\/kirurgiakeskus.ee\/tst\/stg\/implantaadi-paigaldamine\/\">Implantaatide paigaldamine<\/a><\/u><\/li>\n<li>Suu\u00f5\u00f5ne kirurgia<\/li>\n<li>Preproteetiline ja preortodontiline kirurgia (proteesimise eelsed l\u00f5ikused)<\/li>\n<\/ul>\t\t\t\t\t\t\t\t<\/div>\n\t\t\t\t<\/div>\n\t\t\t\t<div class=\"elementor-element elementor-element-b410247 elementor-widget elementor-widget-text-editor\" data-id=\"b410247\" data-element_type=\"widget\" data-e-type=\"widget\" data-widget_type=\"text-editor.default\">\n\t\t\t\t<div class=\"elementor-widget-container\">\n\t\t\t\t\t\t\t\t\t<ul><li>Luuplastika<\/li><li>S\u00fcljen\u00e4\u00e4rmekivide eemaldamine<\/li><li>Ts\u00fcstide ja kasvajate eemaldamine<\/li><li>Healoomuliste nahakasvajate ja s\u00fcnnim\u00e4rkide eemaldamine pea ja kaela piirkonnast<\/li><\/ul>\t\t\t\t\t\t\t\t<\/div>\n\t\t\t\t<\/div>\n\t\t\t\t<\/div>\n\t\t\t\t\t<\/div>\n\t\t\t\t<\/div>\n\t\t<div class=\"elementor-element elementor-element-188e3cf e-flex e-con-boxed elementor-invisible e-con e-parent\" data-id=\"188e3cf\" data-element_type=\"container\" data-e-type=\"container\" data-settings=\"{&quot;background_background&quot;:&quot;classic&quot;,&quot;animation&quot;:&quot;fadeIn&quot;}\">\n\t\t\t\t\t<div class=\"e-con-inner\">\n\t\t<div class=\"elementor-element elementor-element-e8e146a e-con-full e-flex e-con e-child\" data-id=\"e8e146a\" data-element_type=\"container\" data-e-type=\"container\">\n\t\t\t\t<div class=\"elementor-element elementor-element-19cb907 elementor-widget elementor-widget-heading\" data-id=\"19cb907\" data-element_type=\"widget\" data-e-type=\"widget\" data-widget_type=\"heading.default\">\n\t\t\t\t<div class=\"elementor-widget-container\">\n\t\t\t\t\t<h2 class=\"elementor-heading-title elementor-size-default\">Meist<\/h2>\t\t\t\t<\/div>\n\t\t\t\t<\/div>\n\t\t\t\t<div class=\"elementor-element elementor-element-b99a6c6 elementor-widget elementor-widget-text-editor\" data-id=\"b99a6c6\" data-element_type=\"widget\" data-e-type=\"widget\" data-widget_type=\"text-editor.default\">\n\t\t\t\t<div class=\"elementor-widget-container\">\n\t\t\t\t\t\t\t\t\t<p>N\u00e4o-l\u00f5ualuukirurgia keskus avas oma uksed 2004. aastal. T\u00e4naseks t\u00f6\u00f6tab meil 7 vilunud kirurgi, kes on spetsialiseerunud n\u00e4o- ja l\u00f5ualuu kirurgilistele protseduuridele, pakkudes k\u00f5rgetasemelist ravi tarkusehammaste eemaldamisest kuni keerukate l\u00f5ualuude rekonstruktsioonideni.<\/p><p>Parima v\u00f5imaliku ravi, steriilsuse ja kiire taastumise tagamiseks oleme teinud sadadesse tuhandetesse eurodesse ulatuvad investeeringud aparatuuri.<\/p>\t\t\t\t\t\t\t\t<\/div>\n\t\t\t\t<\/div>\n\t\t\t\t<\/div>\n\t\t<div class=\"elementor-element elementor-element-d1201d6 e-con-full e-flex e-con e-child\" data-id=\"d1201d6\" data-element_type=\"container\" data-e-type=\"container\">\n\t\t\t\t<div class=\"elementor-element elementor-element-ef278b9 elementor-widget elementor-widget-image\" data-id=\"ef278b9\" data-element_type=\"widget\" data-e-type=\"widget\" data-widget_type=\"image.default\">\n\t\t\t\t<div class=\"elementor-widget-container\">\n\t\t\t\t\t\t\t\t\t\t\t\t\t\t\t<img fetchpriority=\"high\" decoding=\"async\" width=\"700\" height=\"467\" src=\"https:\/\/kirurgiakeskus.ee\/tst\/wp-content\/uploads\/2025\/03\/kirurgide-kliendikaardid.jpg\" class=\"attachment-full size-full wp-image-1431\" alt=\"kirurgide kliendikaardid\" srcset=\"https:\/\/kirurgiakeskus.ee\/tst\/wp-content\/uploads\/2025\/03\/kirurgide-kliendikaardid.jpg 700w, https:\/\/kirurgiakeskus.ee\/tst\/wp-content\/uploads\/2025\/03\/kirurgide-kliendikaardid-300x200.jpg 300w\" sizes=\"(max-width: 700px) 100vw, 700px\" \/>\t\t\t\t\t\t\t\t\t\t\t\t\t\t\t<\/div>\n\t\t\t\t<\/div>\n\t\t\t\t<\/div>\n\t\t\t\t\t<\/div>\n\t\t\t\t<\/div>\n\t\t<div class=\"elementor-element elementor-element-a886d2f e-flex e-con-boxed elementor-invisible e-con e-parent\" data-id=\"a886d2f\" data-element_type=\"container\" data-e-type=\"container\" data-settings=\"{&quot;background_background&quot;:&quot;classic&quot;,&quot;animation&quot;:&quot;fadeIn&quot;}\">\n\t\t\t\t\t<div class=\"e-con-inner\">\n\t\t\t\t<div class=\"elementor-element elementor-element-61c6c83 elementor-widget__width-inherit elementor-widget elementor-widget-heading\" data-id=\"61c6c83\" data-element_type=\"widget\" data-e-type=\"widget\" data-widget_type=\"heading.default\">\n\t\t\t\t<div class=\"elementor-widget-container\">\n\t\t\t\t\t<h2 class=\"elementor-heading-title elementor-size-default\">Kliendi rahulolu uuring<\/h2>\t\t\t\t<\/div>\n\t\t\t\t<\/div>\n\t\t<div class=\"elementor-element elementor-element-2e95948 e-con-full e-flex e-con e-child\" data-id=\"2e95948\" data-element_type=\"container\" data-e-type=\"container\">\n\t\t\t\t<div class=\"elementor-element elementor-element-2a362cb elementor-widget elementor-widget-text-editor\" data-id=\"2a362cb\" data-element_type=\"widget\" data-e-type=\"widget\" data-widget_type=\"text-editor.default\">\n\t\t\t\t<div class=\"elementor-widget-container\">\n\t\t\t\t\t\t\t\t\t<p>Perioodil 01.07.2020 \u2013 29.10.2020 viidi l\u00e4bi anon\u00fc\u00fcmne kliendi rahulolu uuring, millest v\u00f5ttis protseduuride j\u00e4rgselt osa 94 klienti.<\/p><p>Tulemustele p\u00f5hinedes tehti j\u00e4reldus, et keskuse kliendid on suures osas teenustega kas rahul v\u00f5i v\u00e4ga rahul, keskmise hindega <b>4.78<\/b>\/5.<\/p>\t\t\t\t\t\t\t\t<\/div>\n\t\t\t\t<\/div>\n\t\t\t\t<div class=\"elementor-element elementor-element-163d629 elementor-widget elementor-widget-image\" data-id=\"163d629\" data-element_type=\"widget\" data-e-type=\"widget\" data-widget_type=\"image.default\">\n\t\t\t\t<div class=\"elementor-widget-container\">\n\t\t\t\t\t\t\t\t\t\t\t\t\t\t\t<img decoding=\"async\" width=\"628\" height=\"620\" src=\"https:\/\/kirurgiakeskus.ee\/tst\/wp-content\/uploads\/2025\/03\/NLK-rahulolu-arstiabiga-1.svg\" class=\"attachment-full size-full wp-image-1753\" alt=\"\" \/>\t\t\t\t\t\t\t\t\t\t\t\t\t\t\t<\/div>\n\t\t\t\t<\/div>\n\t\t\t\t<\/div>\n\t\t<div class=\"elementor-element elementor-element-83425cb e-con-full e-flex e-con e-child\" data-id=\"83425cb\" data-element_type=\"container\" data-e-type=\"container\">\n\t\t\t\t<div class=\"elementor-element elementor-element-8feda14 elementor-widget elementor-widget-image\" data-id=\"8feda14\" data-element_type=\"widget\" data-e-type=\"widget\" data-widget_type=\"image.default\">\n\t\t\t\t<div class=\"elementor-widget-container\">\n\t\t\t\t\t\t\t\t\t\t\t\t\t\t\t<img decoding=\"async\" width=\"637\" height=\"647\" src=\"https:\/\/kirurgiakeskus.ee\/tst\/wp-content\/uploads\/2025\/03\/NLK-teenuse-aspektid-2.svg\" class=\"attachment-full size-full wp-image-1695\" alt=\"\" \/>\t\t\t\t\t\t\t\t\t\t\t\t\t\t\t<\/div>\n\t\t\t\t<\/div>\n\t\t\t\t<div class=\"elementor-element elementor-element-a992c16 elementor-widget elementor-widget-text-editor\" data-id=\"a992c16\" data-element_type=\"widget\" data-e-type=\"widget\" data-widget_type=\"text-editor.default\">\n\t\t\t\t<div class=\"elementor-widget-container\">\n\t\t\t\t\t\t\t\t\t<p>Teenuse osutamise aspektidest sai k\u00f5rgeima hinnangu (4.96\/5) meditsiiniteenuse kvaliteet, millele j\u00e4rgnesid teenuse k\u00e4ttesaadavus (4.80\/5), klienditeenindus (4.79\/5) ning teenuse hind (4.59\/5).<\/p><p>Teenuse osutamise aspektide keskmiseks kujunes <strong>4.79<\/strong>\/5.<\/p>\t\t\t\t\t\t\t\t<\/div>\n\t\t\t\t<\/div>\n\t\t\t\t<\/div>\n\t\t\t\t\t<\/div>\n\t\t\t\t<\/div>\n\t\t<div class=\"elementor-element elementor-element-f59cb60 e-flex e-con-boxed elementor-invisible e-con e-parent\" data-id=\"f59cb60\" data-element_type=\"container\" data-e-type=\"container\" data-settings=\"{&quot;animation&quot;:&quot;fadeIn&quot;}\">\n\t\t\t\t\t<div class=\"e-con-inner\">\n\t\t\t\t<div class=\"elementor-element elementor-element-eccf3f5 elementor-widget elementor-widget-heading\" data-id=\"eccf3f5\" data-element_type=\"widget\" data-e-type=\"widget\" data-widget_type=\"heading.default\">\n\t\t\t\t<div class=\"elementor-widget-container\">\n\t\t\t\t\t<h2 class=\"elementor-heading-title elementor-size-default\">Koost\u00f6\u00f6partnerid<\/h2>\t\t\t\t<\/div>\n\t\t\t\t<\/div>\n\t\t<div class=\"elementor-element elementor-element-5cfb9bc e-con-full e-flex e-con e-child\" data-id=\"5cfb9bc\" data-element_type=\"container\" data-e-type=\"container\">\n\t\t\t\t<div class=\"elementor-element elementor-element-20a75e3 elementor-widget__width-initial elementor-widget-tablet__width-initial elementor-widget elementor-widget-image\" data-id=\"20a75e3\" data-element_type=\"widget\" data-e-type=\"widget\" data-widget_type=\"image.default\">\n\t\t\t\t<div class=\"elementor-widget-container\">\n\t\t\t\t\t\t\t\t\t\t\t\t\t\t\t\t<a href=\"https:\/\/www.tervisekassa.ee\/\" target=\"_blank\" rel=\"noopener\">\n\t\t\t\t\t\t\t<img loading=\"lazy\" decoding=\"async\" width=\"220\" height=\"38\" src=\"https:\/\/kirurgiakeskus.ee\/tst\/wp-content\/uploads\/2025\/03\/tervisekassa.svg\" class=\"attachment-large size-large wp-image-102\" alt=\"Tervisekassa\" \/>\t\t\t\t\t\t\t\t<\/a>\n\t\t\t\t\t\t\t\t\t\t\t\t\t\t\t<\/div>\n\t\t\t\t<\/div>\n\t\t\t\t<div class=\"elementor-element elementor-element-de391cc elementor-widget__width-initial elementor-widget elementor-widget-image\" data-id=\"de391cc\" data-element_type=\"widget\" data-e-type=\"widget\" data-widget_type=\"image.default\">\n\t\t\t\t<div class=\"elementor-widget-container\">\n\t\t\t\t\t\t\t\t\t\t\t\t\t\t\t\t<a href=\"https:\/\/abmedical.ee\/\" target=\"_blank\" rel=\"noopener\">\n\t\t\t\t\t\t\t<img loading=\"lazy\" decoding=\"async\" width=\"200\" height=\"48\" src=\"https:\/\/kirurgiakeskus.ee\/tst\/wp-content\/uploads\/2025\/03\/ab-medical.svg\" class=\"attachment-large size-large wp-image-101\" alt=\"AB Medical Group\" \/>\t\t\t\t\t\t\t\t<\/a>\n\t\t\t\t\t\t\t\t\t\t\t\t\t\t\t<\/div>\n\t\t\t\t<\/div>\n\t\t\t\t<div class=\"elementor-element elementor-element-4e9e6f6 elementor-widget__width-initial elementor-widget elementor-widget-image\" data-id=\"4e9e6f6\" data-element_type=\"widget\" data-e-type=\"widget\" data-widget_type=\"image.default\">\n\t\t\t\t<div class=\"elementor-widget-container\">\n\t\t\t\t\t\t\t\t\t\t\t\t\t\t\t\t<a href=\"https:\/\/tallinnahambaravi.ee\/\" target=\"_blank\" rel=\"noopener\">\n\t\t\t\t\t\t\t<img loading=\"lazy\" decoding=\"async\" width=\"800\" height=\"153\" src=\"https:\/\/kirurgiakeskus.ee\/tst\/wp-content\/uploads\/2025\/03\/LOGO-bmp-tallinna-hambaravi.svg\" class=\"attachment-large size-large wp-image-100\" alt=\"BMP Tallinna hambaravi\" \/>\t\t\t\t\t\t\t\t<\/a>\n\t\t\t\t\t\t\t\t\t\t\t\t\t\t\t<\/div>\n\t\t\t\t<\/div>\n\t\t\t\t<div class=\"elementor-element elementor-element-9b205fc elementor-widget__width-initial elementor-widget elementor-widget-image\" data-id=\"9b205fc\" data-element_type=\"widget\" data-e-type=\"widget\" data-widget_type=\"image.default\">\n\t\t\t\t<div class=\"elementor-widget-container\">\n\t\t\t\t\t\t\t\t\t\t\t\t\t\t\t\t<a href=\"https:\/\/www.regionaalhaigla.ee\/\" target=\"_blank\" rel=\"noopener\">\n\t\t\t\t\t\t\t<img loading=\"lazy\" decoding=\"async\" width=\"800\" height=\"273\" src=\"https:\/\/kirurgiakeskus.ee\/tst\/wp-content\/uploads\/2025\/03\/Regionaalhaigla-logo_1-1024x350.webp\" class=\"attachment-large size-large wp-image-95\" alt=\"Regionaalhaigla PERH\" srcset=\"https:\/\/kirurgiakeskus.ee\/tst\/wp-content\/uploads\/2025\/03\/Regionaalhaigla-logo_1-1024x350.webp 1024w, https:\/\/kirurgiakeskus.ee\/tst\/wp-content\/uploads\/2025\/03\/Regionaalhaigla-logo_1-300x102.webp 300w, https:\/\/kirurgiakeskus.ee\/tst\/wp-content\/uploads\/2025\/03\/Regionaalhaigla-logo_1-768x262.webp 768w, https:\/\/kirurgiakeskus.ee\/tst\/wp-content\/uploads\/2025\/03\/Regionaalhaigla-logo_1.webp 1063w\" sizes=\"(max-width: 800px) 100vw, 800px\" \/>\t\t\t\t\t\t\t\t<\/a>\n\t\t\t\t\t\t\t\t\t\t\t\t\t\t\t<\/div>\n\t\t\t\t<\/div>\n\t\t\t\t<div class=\"elementor-element elementor-element-fcc53e7 elementor-widget__width-initial elementor-widget elementor-widget-image\" data-id=\"fcc53e7\" data-element_type=\"widget\" data-e-type=\"widget\" data-widget_type=\"image.default\">\n\t\t\t\t<div class=\"elementor-widget-container\">\n\t\t\t\t\t\t\t\t\t\t\t\t\t\t\t\t<a href=\"https:\/\/hambaravi.eu\/\" target=\"_blank\" rel=\"noopener\">\n\t\t\t\t\t\t\t<img loading=\"lazy\" decoding=\"async\" width=\"800\" height=\"291\" src=\"https:\/\/kirurgiakeskus.ee\/tst\/wp-content\/uploads\/2025\/03\/Untitled-1024x373.png\" class=\"attachment-large size-large wp-image-96\" alt=\"Sanare hambakliinik\" srcset=\"https:\/\/kirurgiakeskus.ee\/tst\/wp-content\/uploads\/2025\/03\/Untitled-1024x373.png 1024w, https:\/\/kirurgiakeskus.ee\/tst\/wp-content\/uploads\/2025\/03\/Untitled-300x109.png 300w, https:\/\/kirurgiakeskus.ee\/tst\/wp-content\/uploads\/2025\/03\/Untitled-768x280.png 768w, https:\/\/kirurgiakeskus.ee\/tst\/wp-content\/uploads\/2025\/03\/Untitled-1536x560.png 1536w, https:\/\/kirurgiakeskus.ee\/tst\/wp-content\/uploads\/2025\/03\/Untitled.png 1573w\" sizes=\"(max-width: 800px) 100vw, 800px\" \/>\t\t\t\t\t\t\t\t<\/a>\n\t\t\t\t\t\t\t\t\t\t\t\t\t\t\t<\/div>\n\t\t\t\t<\/div>\n\t\t\t\t<\/div>\n\t\t\t\t\t<\/div>\n\t\t\t\t<\/div>\n\t\t<div class=\"elementor-element elementor-element-4db52db e-flex e-con-boxed elementor-invisible e-con e-parent\" data-id=\"4db52db\" data-element_type=\"container\" data-e-type=\"container\" data-settings=\"{&quot;background_background&quot;:&quot;classic&quot;,&quot;animation&quot;:&quot;fadeIn&quot;}\">\n\t\t\t\t\t<div class=\"e-con-inner\">\n\t\t\t\t<div class=\"elementor-element elementor-element-17aa95d elementor-widget elementor-widget-image\" data-id=\"17aa95d\" data-element_type=\"widget\" data-e-type=\"widget\" data-widget_type=\"image.default\">\n\t\t\t\t<div class=\"elementor-widget-container\">\n\t\t\t\t\t\t\t\t\t\t\t\t\t\t\t<img loading=\"lazy\" decoding=\"async\" width=\"2500\" height=\"625\" src=\"https:\/\/kirurgiakeskus.ee\/tst\/wp-content\/uploads\/2025\/04\/nao-loualuukirurgia-keskus-ou-est-meil-updated-updated.jpg\" class=\"attachment-full size-full wp-image-2397\" alt=\"Usaldusv\u00e4\u00e4rne ettev\u00f5te\" srcset=\"https:\/\/kirurgiakeskus.ee\/tst\/wp-content\/uploads\/2025\/04\/nao-loualuukirurgia-keskus-ou-est-meil-updated-updated.jpg 2500w, https:\/\/kirurgiakeskus.ee\/tst\/wp-content\/uploads\/2025\/04\/nao-loualuukirurgia-keskus-ou-est-meil-updated-updated-300x75.jpg 300w, https:\/\/kirurgiakeskus.ee\/tst\/wp-content\/uploads\/2025\/04\/nao-loualuukirurgia-keskus-ou-est-meil-updated-updated-1024x256.jpg 1024w, https:\/\/kirurgiakeskus.ee\/tst\/wp-content\/uploads\/2025\/04\/nao-loualuukirurgia-keskus-ou-est-meil-updated-updated-768x192.jpg 768w, https:\/\/kirurgiakeskus.ee\/tst\/wp-content\/uploads\/2025\/04\/nao-loualuukirurgia-keskus-ou-est-meil-updated-updated-1536x384.jpg 1536w, https:\/\/kirurgiakeskus.ee\/tst\/wp-content\/uploads\/2025\/04\/nao-loualuukirurgia-keskus-ou-est-meil-updated-updated-2048x512.jpg 2048w\" sizes=\"(max-width: 2500px) 100vw, 2500px\" \/>\t\t\t\t\t\t\t\t\t\t\t\t\t\t\t<\/div>\n\t\t\t\t<\/div>\n\t\t\t\t\t<\/div>\n\t\t\t\t<\/div>\n\t\t\t\t<\/div>\n\t\t","protected":false},"excerpt":{"rendered":"<p>N\u00e4o-l\u00f5ualuukirurgia keskus Oleme spetsialiseerunud n\u00e4o- ja l\u00f5ualuupiirkonna haigusseisundite diagnoosimisele ja ravile. BRONEERI AEG Teenused Hammaste eemaldamine Implantaatide paigaldamine Suu\u00f5\u00f5ne kirurgia Preproteetiline ja preortodontiline kirurgia (proteesimise eelsed l\u00f5ikused) Luuplastika S\u00fcljen\u00e4\u00e4rmekivide eemaldamine Ts\u00fcstide ja kasvajate eemaldamine Healoomuliste nahakasvajate ja s\u00fcnnim\u00e4rkide eemaldamine pea ja kaela piirkonnast Meist N\u00e4o-l\u00f5ualuukirurgia keskus avas oma uksed 2004. aastal. T\u00e4naseks t\u00f6\u00f6tab meil 7 [&hellip;]<\/p>\n","protected":false},"author":1,"featured_media":0,"parent":0,"menu_order":0,"comment_status":"closed","ping_status":"closed","template":"","meta":{"footnotes":""},"class_list":["post-9","page","type-page","status-publish","hentry"],"_links":{"self":[{"href":"https:\/\/kirurgiakeskus.ee\/tst\/wp-json\/wp\/v2\/pages\/9","targetHints":{"allow":["GET"]}}],"collection":[{"href":"https:\/\/kirurgiakeskus.ee\/tst\/wp-json\/wp\/v2\/pages"}],"about":[{"href":"https:\/\/kirurgiakeskus.ee\/tst\/wp-json\/wp\/v2\/types\/page"}],"author":[{"embeddable":true,"href":"https:\/\/kirurgiakeskus.ee\/tst\/wp-json\/wp\/v2\/users\/1"}],"replies":[{"embeddable":true,"href":"https:\/\/kirurgiakeskus.ee\/tst\/wp-json\/wp\/v2\/comments?post=9"}],"version-history":[{"count":393,"href":"https:\/\/kirurgiakeskus.ee\/tst\/wp-json\/wp\/v2\/pages\/9\/revisions"}],"predecessor-version":[{"id":2501,"href":"https:\/\/kirurgiakeskus.ee\/tst\/wp-json\/wp\/v2\/pages\/9\/revisions\/2501"}],"wp:attachment":[{"href":"https:\/\/kirurgiakeskus.ee\/tst\/wp-json\/wp\/v2\/media?parent=9"}],"curies":[{"name":"wp","href":"https:\/\/api.w.org\/{rel}","templated":true}]}}